{"id":12065,"date":"2023-11-10T14:15:50","date_gmt":"2023-11-10T13:15:50","guid":{"rendered":"https:\/\/www.vbisogno.com\/home\/"},"modified":"2026-03-26T11:13:51","modified_gmt":"2026-03-26T10:13:51","slug":"home","status":"publish","type":"page","link":"https:\/\/www.vbisogno.com\/ca\/","title":{"rendered":"Home"},"content":{"rendered":"<div\nclass=\"xsd-cover skip-lazy xsd-cover--video align wp-block-xsd-cover wp-block-xsd-cover-\">\n\t<video class=\"xsd-cover__video\" autoplay=\"\" muted=\"\" loop=\"\" playsinline=\"\" src=\"https:\/\/www.vbisogno.com\/wp-content\/uploads\/2025\/07\/AdobeStock_487765921-Compressed-with-FlexClip-copia-Compressed-with-FlexClip-Compressed-with-FlexClip.mp4\" data-object-fit=\"cover\"><\/video>\t<div class=\"xsd-cover__overlay\"><\/div>\n\t<div class=\"xsd-cover__content\">\n\t\t\n<div\nclass=\"xsd-container align wp-block-xsd-container\" id=\"xsd-container-1\">\n\t<div class=\"wrapper wrapper--small\">\n\t\t\n\n<h1 class=\"wp-block-heading has-text-align-center has-background-color has-text-color has-link-color wp-elements-d7cb1b2a1457ae2a574a30dc4aa94950\">Estudi d&#8217;arquitectura<br>i interiorisme<\/h1>\n\n\n\n<p>A&nbsp;VBisogno&nbsp;som&nbsp;interioristes&nbsp;i arquitectes d&#8217;interiors apassionats per dissenyar espais que combinen bellesa i funcionalitat. El nostre comprom\u00eds \u00e9s identificar l&#8217;estil de cada client i transformar-lo en una llar o oficina que parli de tu. Des de 2010, el nostre estudi d&#8217;arquitectura i disseny d&#8217;interiors a Barcelona supera expectatives amb solucions personalitzades, sostenibles i plenes d&#8217;\u00e0nima.<\/p>\n\n\n\t<\/div>\n<\/div>\n\n\n\t<\/div>\n<\/div>\n\n\n<div\nstyle=\"padding-top:var(--wp--preset--spacing--60);padding-bottom:var(--wp--preset--spacing--60);\" class=\"xsd-container align wp-block-xsd-container\" id=\"xsd-container-2\">\n\t<div class=\"wrapper wrapper--normal\">\n\t\t\n\n<div class=\"wp-block-media-text has-media-on-the-right is-stacked-on-mobile\"><div class=\"wp-block-media-text__content\">\n<h2 class=\"wp-block-heading\">Un treball que<br>superi expectatives.<br>Un resultat que parli de tu.<\/h2>\n\n\n\n<p class=\"fsize-18\">Per a&nbsp;Vbisogno&nbsp;les necessitats i desitjos de cada client s\u00f3n la prioritat, connectar amb l&#8217;estil de cadascun i plasmar-lo en cada projecte \u00e9s el nostre major repte. Treballem amb la major transpar\u00e8ncia, respecte i sostenibilitat perqu\u00e8 aquests espais que porten temps somiant es facin realitat.<\/p>\n\n\n\n<div class=\"wp-block-buttons is-layout-flex wp-block-buttons-is-layout-flex\">\n<div class=\"wp-block-button\"><a class=\"wp-block-button__link wp-element-button\" href=\"#contacte\">Parlem?<\/a><\/div>\n<\/div>\n<\/div><figure class=\"wp-block-media-text__media\"><img loading=\"lazy\" decoding=\"async\" width=\"900\" height=\"600\" src=\"https:\/\/www.vbisogno.com\/wp-content\/uploads\/2025\/07\/diseno-interior-salon-comedor-moderno-barcelona-vbisogno.jpeg\" alt=\"Sal\u00f3n comedor moderno con dise\u00f1o interior elegante, iluminaci\u00f3n c\u00e1lida y mobiliario a medida en Barcelona.\" class=\"wp-image-7665 size-full\" srcset=\"https:\/\/www.vbisogno.com\/wp-content\/uploads\/2025\/07\/diseno-interior-salon-comedor-moderno-barcelona-vbisogno.jpeg 900w, https:\/\/www.vbisogno.com\/wp-content\/uploads\/2025\/07\/diseno-interior-salon-comedor-moderno-barcelona-vbisogno-768x512.jpeg 768w\" sizes=\"auto, (max-width: 900px) 100vw, 900px\" \/><\/figure><\/div>\n\n\n\t<\/div>\n<\/div>\n\n\n<div\nstyle=\"padding-top:var(--wp--preset--spacing--60);padding-bottom:var(--wp--preset--spacing--60);\" class=\"xsd-container como-trabajamos-block align como-trabajamos-block wp-block-xsd-container\" id=\"xsd-container-3\">\n\t<div class=\"wrapper wrapper--normal\">\n\t\t\n\n<h2 class=\"wp-block-heading has-text-align-center paddingb-48\" style=\"padding-top:0;padding-bottom:0\">Com treballem<\/h2>\n\n\n\n<div class=\"wp-block-columns are-vertically-aligned-center is-layout-flex wp-container-core-columns-is-layout-9d6595d7 wp-block-columns-is-layout-flex\">\n<div class=\"wp-block-column is-vertically-aligned-center is-layout-flow wp-block-column-is-layout-flow\"><div class=\"wp-block-image\">\n<figure class=\"aligncenter size-large\"><img loading=\"lazy\" decoding=\"async\" width=\"85\" height=\"83\" src=\"https:\/\/www.vbisogno.com\/wp-content\/uploads\/2025\/10\/asesoramiento-previo.svg\" alt=\"\" class=\"wp-image-9227\"\/><\/figure>\n<\/div>\n\n\n<h3 class=\"wp-block-heading has-text-align-center texto-upper has-secondary-color has-text-color has-link-color wp-elements-16d345405169e260344a70a213a4b003\">Assessorament previ a la compra<\/h3>\n\n\n\n<p class=\"has-text-align-center\">Si est\u00e0s valorant adquirir un immoble, com&nbsp;interioristes&nbsp;a Barcelona i arquitectes especialitzats en disseny d&#8217;interiors, t&#8217;ajudem a identificar el potencial real abans de comprometre&#8217;t.<\/p>\n<\/div>\n\n\n\n<div class=\"wp-block-column is-vertically-aligned-center is-layout-flow wp-block-column-is-layout-flow\"><div class=\"wp-block-image\">\n<figure class=\"aligncenter size-large\"><img loading=\"lazy\" decoding=\"async\" width=\"85\" height=\"86\" src=\"https:\/\/www.vbisogno.com\/wp-content\/uploads\/2025\/10\/proyecto-distribucion.svg\" alt=\"\" class=\"wp-image-9221\"\/><\/figure>\n<\/div>\n\n\n<h3 class=\"wp-block-heading has-text-align-center texto-upper has-secondary-color has-text-color has-link-color wp-elements-2be755725128643a9bc1f48acd61e7f1\">Projecte i distribuci\u00f3<\/h3>\n\n\n\n<p class=\"has-text-align-center\">Creem plans que optimitzen cada metre, ajustats al teu estil de vida. Aquest pas \u00e9s essencial en el nostre rol d&#8217;experts en arquitectura i interiorisme a Barcelona.<\/p>\n<\/div>\n\n\n\n<div class=\"wp-block-column is-vertically-aligned-center is-layout-flow wp-block-column-is-layout-flow\"><div class=\"wp-block-image\">\n<figure class=\"aligncenter size-large\"><img loading=\"lazy\" decoding=\"async\" width=\"101\" height=\"84\" src=\"https:\/\/www.vbisogno.com\/wp-content\/uploads\/2025\/10\/direccion-de-obra.svg\" alt=\"\" class=\"wp-image-9224\"\/><\/figure>\n<\/div>\n\n\n<h3 class=\"wp-block-heading has-text-align-center texto-upper has-secondary-color has-text-color has-link-color wp-elements-3e24db896e6005ffaacc022986298493\">Direcci\u00f3 d&#8217;obra<\/h3>\n\n\n\n<p class=\"has-text-align-center\">Coordinem l&#8217;execuci\u00f3 amb industrials de confian\u00e7a, garantint que l&#8217;obra es realitzi segons el planificat.<\/p>\n<\/div>\n\n\n\n<div class=\"wp-block-column is-vertically-aligned-center is-layout-flow wp-block-column-is-layout-flow\"><div class=\"wp-block-image\">\n<figure class=\"aligncenter size-large\"><img loading=\"lazy\" decoding=\"async\" width=\"87\" height=\"86\" src=\"https:\/\/www.vbisogno.com\/wp-content\/uploads\/2025\/10\/interiorismo-y-decoracion.svg\" alt=\"\" class=\"wp-image-9225\"\/><\/figure>\n<\/div>\n\n\n<h3 class=\"wp-block-heading has-text-align-center texto-upper has-secondary-color has-text-color has-link-color wp-elements-c24159497b4a521a4366ec0e11eb7f94\">Interiorisme i decoraci\u00f3<\/h3>\n\n\n\n<p class=\"has-text-align-center\">Seleccionem mobiliari, t\u00e8xtils i acabats fins al m\u00ednim detall perqu\u00e8 el teu espai transmeti la teva personalitat i sigui funcional, com a experts en arquitectura i interiorisme.<\/p>\n<\/div>\n<\/div>\n\n\n\t<\/div>\n<\/div>\n\n\n<div\nclass=\"xsd-container align wp-block-xsd-container\" id=\"xsd-container-4\">\n\t<div class=\"wrapper wrapper--medium\">\n\t\t\n\n<h2 class=\"wp-block-heading has-text-align-center\" style=\"padding-top:0;padding-bottom:0\">Projectes <span class=\"texto-destacado\"> destacats<span><\/span><\/span><\/h2>\n\n\n\n<p class=\"has-text-align-center width-1100\">Entre els nostres projectes destaquen reformes integrals en la Costa Brava, Barcelona i Sant Cugat. Tamb\u00e9 hem dissenyat espais comercials com a restaurants o&nbsp;retail.&nbsp;<br>Cada obra reflecteix el nostre segell: solucions pr\u00e0ctiques i est\u00e8tiques en les quals arquitectura i interiorisme tenen identitat pr\u00f2pia. Som experts en disseny d&#8217;interiors adaptat a cada tipus d&#8217;espai i necessitat.<\/p>\n\n\n\n<p class=\"has-text-align-center width-1100 padding paddingb-48\" style=\"padding-top:0;padding-bottom:0\">Cada projecte neix d&#8217;un treball conjunt amb el client, combinant funci\u00f3, disseny, sostenibilitat i pressupost real, el millor servei d&#8217;un estudi d&#8217;arquitectura i interiorisme comprom\u00e8s amb cada detall.<\/p>\n\n\n<div\n\tstyle=\"padding-bottom:var(--wp--preset--spacing--50);\" class=\"vbisogno-projects align wp-block-vbisogno-projects\" id=\"block_b93f660c006819e3d3bf8d1ad4ffee98\">\n\t<div class=\"vbisogno-projects__list vbisogno-projects__list--prominent-with-title\">\n\t\t\t<div class=\"vbisogno-projects__item vbisogno-projects__item__item--prominent-with-title\">\n\t<a\n\t\thref  = \"https:\/\/www.vbisogno.com\/ca\/proyecto\/casa-a-la-costa-brava\/\"\n\t\tclass = \"vbisogno-projects__item__link\"\n\t\ttitle = \"Casa a la Costa Brava\"\n\t>\n\t\t<img loading=\"lazy\" decoding=\"async\" width=\"1613\" height=\"1075\" src=\"https:\/\/www.vbisogno.com\/wp-content\/uploads\/2023\/11\/sala-estar-casa-costa-brava-vistas-mar-diseno-interior.jpg\" class=\"vbisogno-projects__item__image wp-post-image\" alt=\"Sala de estar con grandes ventanales y vistas al mar en casa de la Costa Brava, con mobiliario de dise\u00f1o y decoraci\u00f3n natural.\" srcset=\"https:\/\/www.vbisogno.com\/wp-content\/uploads\/2023\/11\/sala-estar-casa-costa-brava-vistas-mar-diseno-interior.jpg 1613w, https:\/\/www.vbisogno.com\/wp-content\/uploads\/2023\/11\/sala-estar-casa-costa-brava-vistas-mar-diseno-interior-768x512.jpg 768w\" sizes=\"auto, (max-width: 1613px) 100vw, 1613px\" \/>\t\t<h3 class=\"vbisogno-projects__item__title\">Casa a la Costa Brava<\/h3>\n\t<\/a>\n<\/div>\n\t\t\t\t<div class=\"vbisogno-projects__item vbisogno-projects__item__item--prominent-with-title\">\n\t<a\n\t\thref  = \"https:\/\/www.vbisogno.com\/ca\/proyecto\/atic-a-la-via-augusta\/\"\n\t\tclass = \"vbisogno-projects__item__link\"\n\t\ttitle = \"\u00c0tic a la Via Augusta\"\n\t>\n\t\t<img loading=\"lazy\" decoding=\"async\" width=\"1024\" height=\"768\" src=\"https:\/\/www.vbisogno.com\/wp-content\/uploads\/2023\/11\/atico-via-augusta-barcelona-salon-cocina-diseno-moderno.jpg\" class=\"vbisogno-projects__item__image wp-post-image\" alt=\"Zona de sal\u00f3n y cocina del \u00e1tico en V\u00eda Augusta con cocina negra integrada, suelo de madera y grandes ventanales que llenan de luz natural el espacio.\" srcset=\"https:\/\/www.vbisogno.com\/wp-content\/uploads\/2023\/11\/atico-via-augusta-barcelona-salon-cocina-diseno-moderno.jpg 1024w, https:\/\/www.vbisogno.com\/wp-content\/uploads\/2023\/11\/atico-via-augusta-barcelona-salon-cocina-diseno-moderno-768x576.jpg 768w\" sizes=\"auto, (max-width: 1024px) 100vw, 1024px\" \/>\t\t<h3 class=\"vbisogno-projects__item__title\">\u00c0tic a la Via Augusta<\/h3>\n\t<\/a>\n<\/div>\n\t\t\t\t<div class=\"vbisogno-projects__item vbisogno-projects__item__item--prominent-with-title\">\n\t<a\n\t\thref  = \"https:\/\/www.vbisogno.com\/ca\/proyecto\/sant-cugat-centre\/\"\n\t\tclass = \"vbisogno-projects__item__link\"\n\t\ttitle = \"Sant Cugat centre\"\n\t>\n\t\t<img loading=\"lazy\" decoding=\"async\" width=\"2000\" height=\"1334\" src=\"https:\/\/www.vbisogno.com\/wp-content\/uploads\/2023\/11\/cocina-lujosa-sant-cugat-centro-vbisogno.jpg\" class=\"vbisogno-projects__item__image wp-post-image\" alt=\"Cocina luminosa en tonos grises con encimeras y paredes de m\u00e1rmol, grifer\u00eda dorada y detalles vegetales en vivienda de Sant Cugat Centro.\" srcset=\"https:\/\/www.vbisogno.com\/wp-content\/uploads\/2023\/11\/cocina-lujosa-sant-cugat-centro-vbisogno.jpg 2000w, https:\/\/www.vbisogno.com\/wp-content\/uploads\/2023\/11\/cocina-lujosa-sant-cugat-centro-vbisogno-768x512.jpg 768w\" sizes=\"auto, (max-width: 2000px) 100vw, 2000px\" \/>\t\t<h3 class=\"vbisogno-projects__item__title\">Sant Cugat centre<\/h3>\n\t<\/a>\n<\/div>\n\t\t\t\t<div class=\"vbisogno-projects__item vbisogno-projects__item__item--prominent-with-title\">\n\t<a\n\t\thref  = \"https:\/\/www.vbisogno.com\/ca\/proyecto\/restaurant-casa-petra\/\"\n\t\tclass = \"vbisogno-projects__item__link\"\n\t\ttitle = \"Restaurant Casa Petra\"\n\t>\n\t\t<img loading=\"lazy\" decoding=\"async\" width=\"2000\" height=\"1462\" src=\"https:\/\/www.vbisogno.com\/wp-content\/uploads\/2023\/11\/fachada-restaurante-casa-petra-barcelona-vbisogno.jpg\" class=\"vbisogno-projects__item__image wp-post-image\" alt=\"Toldo verde con el logotipo de Casa Petra en la fachada del restaurante en Barcelona.\" srcset=\"https:\/\/www.vbisogno.com\/wp-content\/uploads\/2023\/11\/fachada-restaurante-casa-petra-barcelona-vbisogno.jpg 2000w, https:\/\/www.vbisogno.com\/wp-content\/uploads\/2023\/11\/fachada-restaurante-casa-petra-barcelona-vbisogno-768x561.jpg 768w\" sizes=\"auto, (max-width: 2000px) 100vw, 2000px\" \/>\t\t<h3 class=\"vbisogno-projects__item__title\">Restaurant Casa Petra<\/h3>\n\t<\/a>\n<\/div>\n\t\t\t\t<div class=\"vbisogno-projects__item vbisogno-projects__item__item--prominent-with-title\">\n\t<a\n\t\thref  = \"https:\/\/www.vbisogno.com\/ca\/proyecto\/clinica-minim\/\"\n\t\tclass = \"vbisogno-projects__item__link\"\n\t\ttitle = \"Cl\u00ednica\u00a0Minim\"\n\t>\n\t\t<img loading=\"lazy\" decoding=\"async\" width=\"890\" height=\"677\" src=\"https:\/\/www.vbisogno.com\/wp-content\/uploads\/2023\/11\/recepcion-madera-curva-diseno-interior-clinica-minim-vbisogno.jpeg\" class=\"vbisogno-projects__item__image wp-post-image\" alt=\"Recepci\u00f3n con dise\u00f1o curvo en madera natural en la Cl\u00ednica M\u00ednim de Barcelona.\" srcset=\"https:\/\/www.vbisogno.com\/wp-content\/uploads\/2023\/11\/recepcion-madera-curva-diseno-interior-clinica-minim-vbisogno.jpeg 890w, https:\/\/www.vbisogno.com\/wp-content\/uploads\/2023\/11\/recepcion-madera-curva-diseno-interior-clinica-minim-vbisogno-444x338.jpeg 444w, https:\/\/www.vbisogno.com\/wp-content\/uploads\/2023\/11\/recepcion-madera-curva-diseno-interior-clinica-minim-vbisogno-768x584.jpeg 768w\" sizes=\"auto, (max-width: 890px) 100vw, 890px\" \/>\t\t<h3 class=\"vbisogno-projects__item__title\">Cl\u00ednica\u00a0Minim<\/h3>\n\t<\/a>\n<\/div>\n\t\t\t<\/div>\n\n\t\t<div class=\"vbisogno-projects__actions\">\n\t\t<a href=\"https:\/\/www.vbisogno.com\/ca\/projectes\/\" class=\"vbisogno-projects__link\">Veure m\u00e9s projectes<\/a>\n\t<\/div>\n\t\t<\/div>\n\t\n\n\t<\/div>\n<\/div>\n\n\n<div\nstyle=\"padding-top:var(--wp--preset--spacing--60);padding-bottom:var(--wp--preset--spacing--60);\" class=\"xsd-container align wp-block-xsd-container\" id=\"xsd-container-5\">\n\t<div class=\"wrapper wrapper--normal\">\n\t\t\n\n<div class=\"wp-block-media-text is-stacked-on-mobile\"><figure class=\"wp-block-media-text__media\"><img loading=\"lazy\" decoding=\"async\" width=\"1135\" height=\"605\" src=\"https:\/\/www.vbisogno.com\/wp-content\/uploads\/2025\/10\/compromiso-1135x605.jpg\" alt=\"\" class=\"wp-image-9219 size-full\"\/><\/figure><div class=\"wp-block-media-text__content\">\n<h2 class=\"wp-block-heading\">Un estil comprom\u00e8s&nbsp;<br>amb l&#8217;excel\u00b7l\u00e8ncia<\/h2>\n\n\n\n<p class=\"fsize-18\">Per a&nbsp;Vbisogno&nbsp;les necessitats i desitjos de cada client s\u00f3n la prioritat, connectar amb l&#8217;estil de cadascun i plasmar-lo en cada projecte \u00e9s el nostre major repte. Treballem amb la major transpar\u00e8ncia, respecte i sostenibilitat perqu\u00e8 aquests espais que porten temps somiant es facin realitat.<\/p>\n\n\n\n<div class=\"wp-block-buttons is-layout-flex wp-block-buttons-is-layout-flex\">\n<div class=\"wp-block-button\"><a class=\"wp-block-button__link wp-element-button\" href=\"#contacte\">Sol\u00b7licita la teva proposta personalitzada<\/a><\/div>\n<\/div>\n<\/div><\/div>\n\n\n\t<\/div>\n<\/div>\n\n\n<div\nstyle=\"padding-top:var(--wp--preset--spacing--60);padding-bottom:var(--wp--preset--spacing--60);\" class=\"xsd-container nuestros-valores align nuestros-valores wp-block-xsd-container\" id=\"xsd-container-6\">\n\t<div class=\"wrapper wrapper--normal\">\n\t\t\n\n<h2 class=\"wp-block-heading has-text-align-center paddingb-48\" style=\"padding-top:0;padding-bottom:0\">Els nostres valors principals:<\/h2>\n\n\n\n<div class=\"wp-block-columns are-vertically-aligned-center is-layout-flex wp-container-core-columns-is-layout-9d6595d7 wp-block-columns-is-layout-flex\">\n<div class=\"wp-block-column is-vertically-aligned-center has-secondary-background-color has-background is-layout-flow wp-block-column-is-layout-flow\" style=\"padding-top:0;padding-right:0;padding-bottom:0;padding-left:0\">\n<div class=\"wp-block-media-text is-stacked-on-mobile\" style=\"padding-top:0;padding-right:0;padding-bottom:0;padding-left:0;grid-template-columns:40% auto\"><figure class=\"wp-block-media-text__media\"><img loading=\"lazy\" decoding=\"async\" width=\"96\" height=\"82\" src=\"https:\/\/www.vbisogno.com\/wp-content\/uploads\/2025\/10\/valor-1.png\" alt=\"\" class=\"wp-image-9254 size-full\"\/><\/figure><div class=\"wp-block-media-text__content\">\n<h3 class=\"wp-block-heading texto-upper color-white has-contrast-color has-text-color has-link-color wp-elements-bec9deaff64a72c9dea9d6499fa6f68e\">Enfocament personalitzat:<\/h3>\n\n\n\n<p class=\"color-white has-contrast-color has-text-color has-link-color wp-elements-8d14e602f2ed24e93f1258f58aab9350\">Comencem per escoltar i comprendre les teves necessitats i aspiracions, amb un tracte pr\u00f2xim i adaptat a tu.<\/p>\n<\/div><\/div>\n<\/div>\n\n\n\n<div class=\"wp-block-column is-vertically-aligned-center has-secondary-background-color has-background is-layout-flow wp-block-column-is-layout-flow\" style=\"padding-right:0;padding-left:0\">\n<div class=\"wp-block-media-text is-stacked-on-mobile\" style=\"padding-right:0;padding-left:0;grid-template-columns:40% auto\"><figure class=\"wp-block-media-text__media\"><img loading=\"lazy\" decoding=\"async\" width=\"48\" height=\"48\" src=\"https:\/\/www.vbisogno.com\/wp-content\/uploads\/2025\/10\/valor-2.svg\" alt=\"\" class=\"wp-image-9243 size-full\"\/><\/figure><div class=\"wp-block-media-text__content\">\n<h3 class=\"wp-block-heading texto-upper color-white has-contrast-color has-text-color has-link-color wp-elements-6f5b163dee0873eae7469cb0e510e69f\">Transpar\u00e8ncia i confian\u00e7a:<\/h3>\n\n\n\n<p class=\"color-white has-contrast-color has-text-color has-link-color wp-elements-7d0b56b7e045adbc3868c0a3f5d0d329\">T&#8217;acompanyem en cada fase del projecte \u2014des dels primers esbossos fins a la direcci\u00f3 d&#8217;obra\u2014 treballant amb els millors professionals del sector.<\/p>\n<\/div><\/div>\n<\/div>\n\n\n\n<div class=\"wp-block-column is-vertically-aligned-center has-secondary-background-color has-background is-layout-flow wp-block-column-is-layout-flow\" style=\"padding-right:0;padding-left:0\">\n<div class=\"wp-block-media-text is-stacked-on-mobile\" style=\"padding-right:0;padding-left:0;grid-template-columns:40% auto\"><figure class=\"wp-block-media-text__media\"><img loading=\"lazy\" decoding=\"async\" width=\"50\" height=\"50\" src=\"https:\/\/www.vbisogno.com\/wp-content\/uploads\/2025\/10\/valor-3.svg\" alt=\"\" class=\"wp-image-9244 size-full\"\/><\/figure><div class=\"wp-block-media-text__content\">\n<h3 class=\"wp-block-heading texto-upper color-white has-contrast-color has-text-color has-link-color wp-elements-5f04505e15634e323a991f722c90dd28\">Disseny sostenible:<\/h3>\n\n\n\n<p class=\"color-white has-contrast-color has-text-color has-link-color wp-elements-0bdf3e5da51acde5483d93bdc4748d88\">Ens comprometem amb un disseny responsable, utilitzant materials nobles, solucions eficients i respectuoses amb l&#8217;entorn.<\/p>\n<\/div><\/div>\n<\/div>\n<\/div>\n\n\n\t<\/div>\n<\/div>\n\n\n<div\nstyle=\"padding-top:var(--wp--preset--spacing--60);padding-bottom:var(--wp--preset--spacing--60);\" class=\"xsd-container fondo-degradado align fondo-degradado wp-block-xsd-container\" id=\"xsd-container-7\">\n\t<div class=\"wrapper wrapper--normal\">\n\t\t\n\n<h2 class=\"wp-block-heading has-text-align-center paddingb-48 fweight-400\">Som m\u00e9s que un estudi d&#8217;arquitectura interiorisme a Barcelona:<\/h2>\n\n\n\n<p class=\"has-text-align-center width-840 fsize-18\">Som un equip estructurat per a oferir un proc\u00e9s clar, pr\u00f2xim i efica\u00e7, des d&#8217;assessorament previ fins a decoraci\u00f3 final.&nbsp; T&#8217;ajudem tamb\u00e9 en la compra de l&#8217;immoble, perqu\u00e8 la teva inversi\u00f3 tingui el m\u00e0xim rendiment.<\/p>\n\n\n\t<\/div>\n<\/div>\n\n\n\n<p><\/p>\n","protected":false},"excerpt":{"rendered":"","protected":false},"author":1,"featured_media":0,"parent":0,"menu_order":0,"comment_status":"closed","ping_status":"closed","template":"","meta":{"_acf_changed":false,"_joinchat":[],"footnotes":""},"class_list":["post-12065","page","type-page","status-publish","hentry"],"acf":[],"yoast_head":"<!-- This site is optimized with the Yoast SEO plugin v27.2 - https:\/\/yoast.com\/product\/yoast-seo-wordpress\/ -->\n<title>Estudi d&#039;arquitectura i interiorisme - VBISOGNO<\/title>\n<meta name=\"description\" content=\"Som un estudi d&#039;arquitectura i interiorisme que neix de la inquietud per aconseguir l&#039;equilibri entre la bellesa i la funcionalitat.\" \/>\n<meta name=\"robots\" content=\"index, follow, max-snippet:-1, max-image-preview:large, max-video-preview:-1\" \/>\n<link rel=\"canonical\" href=\"https:\/\/www.vbisogno.com\/ca\/\" \/>\n<meta property=\"og:locale\" content=\"ca_ES\" \/>\n<meta property=\"og:type\" content=\"article\" \/>\n<meta property=\"og:title\" content=\"Estudi d&#039;arquitectura i interiorisme - VBISOGNO\" \/>\n<meta property=\"og:description\" content=\"Som un estudi d&#039;arquitectura i interiorisme que neix de la inquietud per aconseguir l&#039;equilibri entre la bellesa i la funcionalitat.\" \/>\n<meta property=\"og:url\" content=\"https:\/\/www.vbisogno.com\/ca\/\" \/>\n<meta property=\"og:site_name\" content=\"VBISOGNO\" \/>\n<meta property=\"article:publisher\" content=\"https:\/\/facebook.com\/vbisognostudio\" \/>\n<meta property=\"article:modified_time\" content=\"2026-03-26T10:13:51+00:00\" \/>\n<meta property=\"og:image\" content=\"https:\/\/www.vbisogno.com\/wp-content\/uploads\/2025\/07\/diseno-interior-salon-comedor-moderno-barcelona-vbisogno.jpeg\" \/>\n\t<meta property=\"og:image:width\" content=\"900\" \/>\n\t<meta property=\"og:image:height\" content=\"600\" \/>\n\t<meta property=\"og:image:type\" content=\"image\/jpeg\" \/>\n<meta name=\"twitter:card\" content=\"summary_large_image\" \/>\n<meta name=\"twitter:label1\" content=\"Temps estimat de lectura\" \/>\n\t<meta name=\"twitter:data1\" content=\"4 minuts\" \/>\n<!-- \/ Yoast SEO plugin. -->","yoast_head_json":{"title":"Estudi d'arquitectura i interiorisme - VBISOGNO","description":"Som un estudi d'arquitectura i interiorisme que neix de la inquietud per aconseguir l'equilibri entre la bellesa i la funcionalitat.","robots":{"index":"index","follow":"follow","max-snippet":"max-snippet:-1","max-image-preview":"max-image-preview:large","max-video-preview":"max-video-preview:-1"},"canonical":"https:\/\/www.vbisogno.com\/ca\/","og_locale":"ca_ES","og_type":"article","og_title":"Estudi d'arquitectura i interiorisme - VBISOGNO","og_description":"Som un estudi d'arquitectura i interiorisme que neix de la inquietud per aconseguir l'equilibri entre la bellesa i la funcionalitat.","og_url":"https:\/\/www.vbisogno.com\/ca\/","og_site_name":"VBISOGNO","article_publisher":"https:\/\/facebook.com\/vbisognostudio","article_modified_time":"2026-03-26T10:13:51+00:00","og_image":[{"width":900,"height":600,"url":"https:\/\/www.vbisogno.com\/wp-content\/uploads\/2025\/07\/diseno-interior-salon-comedor-moderno-barcelona-vbisogno.jpeg","type":"image\/jpeg"}],"twitter_card":"summary_large_image","twitter_misc":{"Temps estimat de lectura":"4 minuts"},"schema":{"@context":"https:\/\/schema.org","@graph":[{"@type":["WebPage","ItemPage"],"@id":"https:\/\/www.vbisogno.com\/ca\/","url":"https:\/\/www.vbisogno.com\/ca\/","name":"Estudi d'arquitectura i interiorisme - VBISOGNO","isPartOf":{"@id":"https:\/\/www.vbisogno.com\/ca\/#website"},"primaryImageOfPage":{"@id":"https:\/\/www.vbisogno.com\/ca\/#primaryimage"},"image":{"@id":"https:\/\/www.vbisogno.com\/ca\/#primaryimage"},"thumbnailUrl":"https:\/\/www.vbisogno.com\/wp-content\/uploads\/2025\/07\/diseno-interior-salon-comedor-moderno-barcelona-vbisogno.jpeg","datePublished":"2023-11-10T13:15:50+00:00","dateModified":"2026-03-26T10:13:51+00:00","description":"Som un estudi d'arquitectura i interiorisme que neix de la inquietud per aconseguir l'equilibri entre la bellesa i la funcionalitat.","breadcrumb":{"@id":"https:\/\/www.vbisogno.com\/ca\/#breadcrumb"},"inLanguage":"ca","potentialAction":[{"@type":"ReadAction","target":["https:\/\/www.vbisogno.com\/ca\/"]}]},{"@type":"ImageObject","inLanguage":"ca","@id":"https:\/\/www.vbisogno.com\/ca\/#primaryimage","url":"https:\/\/www.vbisogno.com\/wp-content\/uploads\/2025\/07\/diseno-interior-salon-comedor-moderno-barcelona-vbisogno.jpeg","contentUrl":"https:\/\/www.vbisogno.com\/wp-content\/uploads\/2025\/07\/diseno-interior-salon-comedor-moderno-barcelona-vbisogno.jpeg"},{"@type":"BreadcrumbList","@id":"https:\/\/www.vbisogno.com\/ca\/#breadcrumb","itemListElement":[{"@type":"ListItem","position":1,"name":"Home","item":"https:\/\/www.vbisogno.com\/ca\/"},{"@type":"ListItem","position":2,"name":"Home"}]},{"@type":"WebSite","@id":"https:\/\/www.vbisogno.com\/ca\/#website","url":"https:\/\/www.vbisogno.com\/ca\/","name":"Vbisogno","description":"","publisher":{"@id":"https:\/\/www.vbisogno.com\/ca\/#organization"},"alternateName":"Vbisogno","potentialAction":[{"@type":"SearchAction","target":{"@type":"EntryPoint","urlTemplate":"https:\/\/www.vbisogno.com\/ca\/?s={search_term_string}"},"query-input":{"@type":"PropertyValueSpecification","valueRequired":true,"valueName":"search_term_string"}}],"inLanguage":"ca"},{"@type":"Organization","@id":"https:\/\/www.vbisogno.com\/ca\/#organization","name":"Vbisogno","alternateName":"Vbisogno","url":"https:\/\/www.vbisogno.com\/ca\/","logo":{"@type":"ImageObject","inLanguage":"ca","@id":"https:\/\/www.vbisogno.com\/ca\/#\/schema\/logo\/image\/","url":"https:\/\/www.vbisogno.com\/wp-content\/uploads\/2023\/11\/vbisogno-horizontal.svg","contentUrl":"https:\/\/www.vbisogno.com\/wp-content\/uploads\/2023\/11\/vbisogno-horizontal.svg","width":176,"height":47,"caption":"Vbisogno"},"image":{"@id":"https:\/\/www.vbisogno.com\/ca\/#\/schema\/logo\/image\/"},"sameAs":["https:\/\/facebook.com\/vbisognostudio","http:\/\/instagram.com\/vbisognostudio"]}]}},"_links":{"self":[{"href":"https:\/\/www.vbisogno.com\/ca\/wp-json\/wp\/v2\/pages\/12065","targetHints":{"allow":["GET"]}}],"collection":[{"href":"https:\/\/www.vbisogno.com\/ca\/wp-json\/wp\/v2\/pages"}],"about":[{"href":"https:\/\/www.vbisogno.com\/ca\/wp-json\/wp\/v2\/types\/page"}],"author":[{"embeddable":true,"href":"https:\/\/www.vbisogno.com\/ca\/wp-json\/wp\/v2\/users\/1"}],"replies":[{"embeddable":true,"href":"https:\/\/www.vbisogno.com\/ca\/wp-json\/wp\/v2\/comments?post=12065"}],"version-history":[{"count":14,"href":"https:\/\/www.vbisogno.com\/ca\/wp-json\/wp\/v2\/pages\/12065\/revisions"}],"predecessor-version":[{"id":12671,"href":"https:\/\/www.vbisogno.com\/ca\/wp-json\/wp\/v2\/pages\/12065\/revisions\/12671"}],"wp:attachment":[{"href":"https:\/\/www.vbisogno.com\/ca\/wp-json\/wp\/v2\/media?parent=12065"}],"curies":[{"name":"wp","href":"https:\/\/api.w.org\/{rel}","templated":true}]}}