{"id":12063,"date":"2024-01-09T12:55:42","date_gmt":"2024-01-09T11:55:42","guid":{"rendered":"https:\/\/www.vbisogno.com\/thank-you-contacto\/"},"modified":"2026-01-12T08:15:21","modified_gmt":"2026-01-12T07:15:21","slug":"thank-you-contacto","status":"publish","type":"page","link":"https:\/\/www.vbisogno.com\/ca\/thank-you-contacto\/","title":{"rendered":"Thank you page"},"content":{"rendered":"<div\nstyle=\"padding-top:var(--wp--preset--spacing--80);padding-bottom:var(--wp--preset--spacing--80);\" class=\"xsd-container align wp-block-xsd-container\" id=\"xsd-container-1\">\n\t<div class=\"wrapper wrapper--small\">\n\t\t\n\n<h1 class=\"wp-block-heading has-text-align-center\" style=\"padding-top:var(--wp--preset--spacing--50)\">Gr\u00e0cies per contactar amb\u00a0Vbisogno<\/h1>\n\n\n\n<p class=\"has-text-align-center\">Moltes gr\u00e0cies per posar-te en contacte amb nosaltres. Intentarem donar-te resposta al m\u00e9s aviat possible.<\/p>\n\n\n\t<\/div>\n<\/div>\n","protected":false},"excerpt":{"rendered":"","protected":false},"author":1,"featured_media":0,"parent":0,"menu_order":0,"comment_status":"closed","ping_status":"closed","template":"template-text.php","meta":{"_acf_changed":false,"_joinchat":[],"footnotes":""},"class_list":["post-12063","page","type-page","status-publish","hentry"],"acf":[],"yoast_head":"<!-- This site is optimized with the Yoast SEO plugin v27.2 - https:\/\/yoast.com\/product\/yoast-seo-wordpress\/ -->\n<title>Gr\u00e0cies per contactar- Vbisogno<\/title>\n<meta name=\"description\" content=\"Moltes gr\u00e0cies per emplenar el formulari de contacte. Estarem encantats de respondre tots els teus dubtes al m\u00e9s aviat possible.\" \/>\n<meta name=\"robots\" content=\"index, follow, max-snippet:-1, max-image-preview:large, max-video-preview:-1\" \/>\n<link rel=\"canonical\" href=\"https:\/\/www.vbisogno.com\/ca\/thank-you-contacto\/\" \/>\n<meta property=\"og:locale\" content=\"ca_ES\" \/>\n<meta property=\"og:type\" content=\"article\" \/>\n<meta property=\"og:title\" content=\"Gr\u00e0cies per contactar- Vbisogno\" \/>\n<meta property=\"og:description\" content=\"Moltes gr\u00e0cies per emplenar el formulari de contacte. Estarem encantats de respondre tots els teus dubtes al m\u00e9s aviat possible.\" \/>\n<meta property=\"og:url\" content=\"https:\/\/www.vbisogno.com\/ca\/thank-you-contacto\/\" \/>\n<meta property=\"og:site_name\" content=\"VBISOGNO\" \/>\n<meta property=\"article:publisher\" content=\"https:\/\/facebook.com\/vbisognostudio\" \/>\n<meta property=\"article:modified_time\" content=\"2026-01-12T07:15:21+00:00\" \/>\n<meta name=\"twitter:card\" content=\"summary_large_image\" \/>\n<meta name=\"twitter:label1\" content=\"Temps estimat de lectura\" \/>\n\t<meta name=\"twitter:data1\" content=\"1 minut\" \/>\n<!-- \/ Yoast SEO plugin. -->","yoast_head_json":{"title":"Gr\u00e0cies per contactar- Vbisogno","description":"Moltes gr\u00e0cies per emplenar el formulari de contacte. Estarem encantats de respondre tots els teus dubtes al m\u00e9s aviat possible.","robots":{"index":"index","follow":"follow","max-snippet":"max-snippet:-1","max-image-preview":"max-image-preview:large","max-video-preview":"max-video-preview:-1"},"canonical":"https:\/\/www.vbisogno.com\/ca\/thank-you-contacto\/","og_locale":"ca_ES","og_type":"article","og_title":"Gr\u00e0cies per contactar- Vbisogno","og_description":"Moltes gr\u00e0cies per emplenar el formulari de contacte. Estarem encantats de respondre tots els teus dubtes al m\u00e9s aviat possible.","og_url":"https:\/\/www.vbisogno.com\/ca\/thank-you-contacto\/","og_site_name":"VBISOGNO","article_publisher":"https:\/\/facebook.com\/vbisognostudio","article_modified_time":"2026-01-12T07:15:21+00:00","twitter_card":"summary_large_image","twitter_misc":{"Temps estimat de lectura":"1 minut"},"schema":{"@context":"https:\/\/schema.org","@graph":[{"@type":["WebPage","ItemPage"],"@id":"https:\/\/www.vbisogno.com\/ca\/thank-you-contacto\/","url":"https:\/\/www.vbisogno.com\/ca\/thank-you-contacto\/","name":"Gr\u00e0cies per contactar- Vbisogno","isPartOf":{"@id":"https:\/\/www.vbisogno.com\/ca\/#website"},"datePublished":"2024-01-09T11:55:42+00:00","dateModified":"2026-01-12T07:15:21+00:00","description":"Moltes gr\u00e0cies per emplenar el formulari de contacte. Estarem encantats de respondre tots els teus dubtes al m\u00e9s aviat possible.","breadcrumb":{"@id":"https:\/\/www.vbisogno.com\/ca\/thank-you-contacto\/#breadcrumb"},"inLanguage":"ca","potentialAction":[{"@type":"ReadAction","target":["https:\/\/www.vbisogno.com\/ca\/thank-you-contacto\/"]}]},{"@type":"BreadcrumbList","@id":"https:\/\/www.vbisogno.com\/ca\/thank-you-contacto\/#breadcrumb","itemListElement":[{"@type":"ListItem","position":1,"name":"Home","item":"https:\/\/www.vbisogno.com\/ca\/"},{"@type":"ListItem","position":2,"name":"Thank you page"}]},{"@type":"WebSite","@id":"https:\/\/www.vbisogno.com\/ca\/#website","url":"https:\/\/www.vbisogno.com\/ca\/","name":"Vbisogno","description":"","publisher":{"@id":"https:\/\/www.vbisogno.com\/ca\/#organization"},"alternateName":"Vbisogno","potentialAction":[{"@type":"SearchAction","target":{"@type":"EntryPoint","urlTemplate":"https:\/\/www.vbisogno.com\/ca\/?s={search_term_string}"},"query-input":{"@type":"PropertyValueSpecification","valueRequired":true,"valueName":"search_term_string"}}],"inLanguage":"ca"},{"@type":"Organization","@id":"https:\/\/www.vbisogno.com\/ca\/#organization","name":"Vbisogno","alternateName":"Vbisogno","url":"https:\/\/www.vbisogno.com\/ca\/","logo":{"@type":"ImageObject","inLanguage":"ca","@id":"https:\/\/www.vbisogno.com\/ca\/#\/schema\/logo\/image\/","url":"https:\/\/www.vbisogno.com\/wp-content\/uploads\/2023\/11\/vbisogno-horizontal.svg","contentUrl":"https:\/\/www.vbisogno.com\/wp-content\/uploads\/2023\/11\/vbisogno-horizontal.svg","width":176,"height":47,"caption":"Vbisogno"},"image":{"@id":"https:\/\/www.vbisogno.com\/ca\/#\/schema\/logo\/image\/"},"sameAs":["https:\/\/facebook.com\/vbisognostudio","http:\/\/instagram.com\/vbisognostudio"]}]}},"_links":{"self":[{"href":"https:\/\/www.vbisogno.com\/ca\/wp-json\/wp\/v2\/pages\/12063","targetHints":{"allow":["GET"]}}],"collection":[{"href":"https:\/\/www.vbisogno.com\/ca\/wp-json\/wp\/v2\/pages"}],"about":[{"href":"https:\/\/www.vbisogno.com\/ca\/wp-json\/wp\/v2\/types\/page"}],"author":[{"embeddable":true,"href":"https:\/\/www.vbisogno.com\/ca\/wp-json\/wp\/v2\/users\/1"}],"replies":[{"embeddable":true,"href":"https:\/\/www.vbisogno.com\/ca\/wp-json\/wp\/v2\/comments?post=12063"}],"version-history":[{"count":1,"href":"https:\/\/www.vbisogno.com\/ca\/wp-json\/wp\/v2\/pages\/12063\/revisions"}],"predecessor-version":[{"id":12064,"href":"https:\/\/www.vbisogno.com\/ca\/wp-json\/wp\/v2\/pages\/12063\/revisions\/12064"}],"wp:attachment":[{"href":"https:\/\/www.vbisogno.com\/ca\/wp-json\/wp\/v2\/media?parent=12063"}],"curies":[{"name":"wp","href":"https:\/\/api.w.org\/{rel}","templated":true}]}}