{"id":11942,"date":"2023-11-10T18:44:30","date_gmt":"2023-11-10T17:44:30","guid":{"rendered":"https:\/\/www.vbisogno.com\/proyectos\/"},"modified":"2026-03-26T13:21:57","modified_gmt":"2026-03-26T12:21:57","slug":"projectes","status":"publish","type":"page","link":"https:\/\/www.vbisogno.com\/ca\/projectes\/","title":{"rendered":"Projectes"},"content":{"rendered":"<div\nclass=\"xsd-cover skip-lazy xsd-cover--image align wp-block-xsd-cover wp-block-xsd-cover-\">\n\t<img loading=\"lazy\" decoding=\"async\" width=\"2000\" height=\"1154\" src=\"https:\/\/www.vbisogno.com\/wp-content\/uploads\/2025\/07\/proyecto-interiorismo-salon-comedor-contemporaneo-vbisogno.jpg\" class=\"xsd-cover__image\" alt=\"Proyecto de interiorismo con sal\u00f3n comedor contempor\u00e1neo, sof\u00e1 modular, iluminaci\u00f3n integrada y acabados en madera.\" \/>\t<div class=\"xsd-cover__overlay\"><\/div>\n\t<div class=\"xsd-cover__content\">\n\t\t\n<div\nclass=\"xsd-container align wp-block-xsd-container\" id=\"xsd-container-1\">\n\t<div class=\"wrapper wrapper--small\">\n\t\t\n\n<h1 class=\"wp-block-heading has-text-align-center has-background-color has-text-color has-link-color wp-elements-6a424b25166e7da77e1422bc5a4cb40a\">Projectes d&#8217;arquitectura <br>i interiorisme<\/h1>\n\n\n\t<\/div>\n<\/div>\n\n\n\t<\/div>\n<\/div>\n\n\n<div\nstyle=\"padding-top:var(--wp--preset--spacing--80);padding-bottom:var(--wp--preset--spacing--80);\" class=\"xsd-container align wp-block-xsd-container\" id=\"xsd-container-2\">\n\t<div class=\"wrapper wrapper--small\">\n\t\t\n\n<p class=\"has-text-align-center has-extra-large-font-size\">A&nbsp;Vbisogno&nbsp;treballem perqu\u00e8 cada espai tingui \u00e0nima pr\u00f2pia i s&#8217;adapti a les necessitats de cada projecte.<\/p>\n\n\n\t<\/div>\n<\/div>\n\n\n<div\nstyle=\"padding-top:0;padding-bottom:0;\" class=\"xsd-container align wp-block-xsd-container\" id=\"xsd-container-3\">\n\t<div class=\"wrapper wrapper--normal\">\n\t\t\n<div\n\tclass=\"vbisogno-projects align wp-block-vbisogno-projects\" id=\"block_2bba39dc0ae001e8c11ff002909f4a0e\">\n\t<div class=\"vbisogno-projects__list vbisogno-projects__list--regular\">\n\t\t\t<div class=\"vbisogno-projects__item vbisogno-projects__item--regular\">\n\t<a\n\t\thref  = \"https:\/\/www.vbisogno.com\/ca\/proyecto\/melisa-concept-store\/\"\n\t\tclass = \"vbisogno-projects__item__link\"\n\t\ttitle = \"Melisa Concept Store\"\n\t>\n\t\t<img loading=\"lazy\" decoding=\"async\" width=\"6000\" height=\"4000\" src=\"https:\/\/www.vbisogno.com\/wp-content\/uploads\/2025\/11\/melisa_lifestyle-456-2.jpg\" class=\"vbisogno-projects__item__image wp-post-image\" alt=\"\" srcset=\"https:\/\/www.vbisogno.com\/wp-content\/uploads\/2025\/11\/melisa_lifestyle-456-2.jpg 6000w, https:\/\/www.vbisogno.com\/wp-content\/uploads\/2025\/11\/melisa_lifestyle-456-2-768x512.jpg 768w\" sizes=\"auto, (max-width: 6000px) 100vw, 6000px\" \/>\t<\/a>\n<\/div>\n\t\t\t\t<div class=\"vbisogno-projects__item vbisogno-projects__item--regular\">\n\t<a\n\t\thref  = \"https:\/\/www.vbisogno.com\/ca\/proyecto\/sant-cugat-centre\/\"\n\t\tclass = \"vbisogno-projects__item__link\"\n\t\ttitle = \"Sant Cugat centre\"\n\t>\n\t\t<img loading=\"lazy\" decoding=\"async\" width=\"2000\" height=\"1334\" src=\"https:\/\/www.vbisogno.com\/wp-content\/uploads\/2023\/11\/cocina-lujosa-sant-cugat-centro-vbisogno.jpg\" class=\"vbisogno-projects__item__image wp-post-image\" alt=\"Cocina luminosa en tonos grises con encimeras y paredes de m\u00e1rmol, grifer\u00eda dorada y detalles vegetales en vivienda de Sant Cugat Centro.\" srcset=\"https:\/\/www.vbisogno.com\/wp-content\/uploads\/2023\/11\/cocina-lujosa-sant-cugat-centro-vbisogno.jpg 2000w, https:\/\/www.vbisogno.com\/wp-content\/uploads\/2023\/11\/cocina-lujosa-sant-cugat-centro-vbisogno-768x512.jpg 768w\" sizes=\"auto, (max-width: 2000px) 100vw, 2000px\" \/>\t<\/a>\n<\/div>\n\t\t\t\t<div class=\"vbisogno-projects__item vbisogno-projects__item--regular\">\n\t<a\n\t\thref  = \"https:\/\/www.vbisogno.com\/ca\/proyecto\/restaurant-casa-petra\/\"\n\t\tclass = \"vbisogno-projects__item__link\"\n\t\ttitle = \"Restaurant Casa Petra\"\n\t>\n\t\t<img loading=\"lazy\" decoding=\"async\" width=\"2000\" height=\"1462\" src=\"https:\/\/www.vbisogno.com\/wp-content\/uploads\/2023\/11\/fachada-restaurante-casa-petra-barcelona-vbisogno.jpg\" class=\"vbisogno-projects__item__image wp-post-image\" alt=\"Toldo verde con el logotipo de Casa Petra en la fachada del restaurante en Barcelona.\" srcset=\"https:\/\/www.vbisogno.com\/wp-content\/uploads\/2023\/11\/fachada-restaurante-casa-petra-barcelona-vbisogno.jpg 2000w, https:\/\/www.vbisogno.com\/wp-content\/uploads\/2023\/11\/fachada-restaurante-casa-petra-barcelona-vbisogno-768x561.jpg 768w\" sizes=\"auto, (max-width: 2000px) 100vw, 2000px\" \/>\t<\/a>\n<\/div>\n\t\t\t\t<div class=\"vbisogno-projects__item vbisogno-projects__item--regular\">\n\t<a\n\t\thref  = \"https:\/\/www.vbisogno.com\/ca\/proyecto\/atic-a-la-via-augusta\/\"\n\t\tclass = \"vbisogno-projects__item__link\"\n\t\ttitle = \"\u00c0tic a la Via Augusta\"\n\t>\n\t\t<img loading=\"lazy\" decoding=\"async\" width=\"1024\" height=\"768\" src=\"https:\/\/www.vbisogno.com\/wp-content\/uploads\/2023\/11\/atico-via-augusta-barcelona-salon-cocina-diseno-moderno.jpg\" class=\"vbisogno-projects__item__image wp-post-image\" alt=\"Zona de sal\u00f3n y cocina del \u00e1tico en V\u00eda Augusta con cocina negra integrada, suelo de madera y grandes ventanales que llenan de luz natural el espacio.\" srcset=\"https:\/\/www.vbisogno.com\/wp-content\/uploads\/2023\/11\/atico-via-augusta-barcelona-salon-cocina-diseno-moderno.jpg 1024w, https:\/\/www.vbisogno.com\/wp-content\/uploads\/2023\/11\/atico-via-augusta-barcelona-salon-cocina-diseno-moderno-768x576.jpg 768w\" sizes=\"auto, (max-width: 1024px) 100vw, 1024px\" \/>\t<\/a>\n<\/div>\n\t\t\t\t<div class=\"vbisogno-projects__item vbisogno-projects__item--regular\">\n\t<a\n\t\thref  = \"https:\/\/www.vbisogno.com\/ca\/proyecto\/casa-a-la-costa-brava\/\"\n\t\tclass = \"vbisogno-projects__item__link\"\n\t\ttitle = \"Casa a la Costa Brava\"\n\t>\n\t\t<img loading=\"lazy\" decoding=\"async\" width=\"1613\" height=\"1075\" src=\"https:\/\/www.vbisogno.com\/wp-content\/uploads\/2023\/11\/sala-estar-casa-costa-brava-vistas-mar-diseno-interior.jpg\" class=\"vbisogno-projects__item__image wp-post-image\" alt=\"Sala de estar con grandes ventanales y vistas al mar en casa de la Costa Brava, con mobiliario de dise\u00f1o y decoraci\u00f3n natural.\" srcset=\"https:\/\/www.vbisogno.com\/wp-content\/uploads\/2023\/11\/sala-estar-casa-costa-brava-vistas-mar-diseno-interior.jpg 1613w, https:\/\/www.vbisogno.com\/wp-content\/uploads\/2023\/11\/sala-estar-casa-costa-brava-vistas-mar-diseno-interior-768x512.jpg 768w\" sizes=\"auto, (max-width: 1613px) 100vw, 1613px\" \/>\t<\/a>\n<\/div>\n\t\t\t\t<div class=\"vbisogno-projects__item vbisogno-projects__item--regular\">\n\t<a\n\t\thref  = \"https:\/\/www.vbisogno.com\/ca\/proyecto\/oficina-ooptimo\/\"\n\t\tclass = \"vbisogno-projects__item__link\"\n\t\ttitle = \"Oficina OOPTIMO\"\n\t>\n\t\t<img loading=\"lazy\" decoding=\"async\" width=\"6000\" height=\"4000\" src=\"https:\/\/www.vbisogno.com\/wp-content\/uploads\/2026\/01\/Salas-editadas-2.jpg\" class=\"vbisogno-projects__item__image wp-post-image\" alt=\"\" srcset=\"https:\/\/www.vbisogno.com\/wp-content\/uploads\/2026\/01\/Salas-editadas-2.jpg 6000w, https:\/\/www.vbisogno.com\/wp-content\/uploads\/2026\/01\/Salas-editadas-2-768x512.jpg 768w\" sizes=\"auto, (max-width: 6000px) 100vw, 6000px\" \/>\t<\/a>\n<\/div>\n\t\t\t<\/div>\n\n\t<\/div>\n\t\n\n\t<\/div>\n<\/div>\n\n\n<div\nstyle=\"padding-top:var(--wp--preset--spacing--50);padding-bottom:var(--wp--preset--spacing--80);\" class=\"xsd-container align wp-block-xsd-container\" id=\"xsd-container-4\">\n\t<div class=\"wrapper wrapper--normal\">\n\t\t\n\n<h2 class=\"wp-block-heading has-text-align-center\" style=\"padding-bottom:var(--wp--preset--spacing--50)\">Altres projectes<\/h2>\n\n\n<div\n\tclass=\"vbisogno-projects align wp-block-vbisogno-projects\" id=\"block_02536e9b94d015d8690794e2a881d037\">\n\t<div class=\"vbisogno-projects__list vbisogno-projects__list--regular\">\n\t\t\t<div class=\"vbisogno-projects__item vbisogno-projects__item--regular\">\n\t<a\n\t\thref  = \"https:\/\/www.vbisogno.com\/ca\/proyecto\/pis-estudi-passeig-de-gracia\/\"\n\t\tclass = \"vbisogno-projects__item__link\"\n\t\ttitle = \"Pis estudi Passeig de Gr\u00e0cia\"\n\t>\n\t\t<img loading=\"lazy\" decoding=\"async\" width=\"2000\" height=\"1334\" src=\"https:\/\/www.vbisogno.com\/wp-content\/uploads\/2025\/07\/cocina-ladrillo-vista-techo-viga-estudio-reformado-paseo-gracia-barcelona-vbisogno.jpg\" class=\"vbisogno-projects__item__image wp-post-image\" alt=\"Cocina de estilo industrial con ladrillo visto, techo con vigas de madera y mobiliario negro en un estudio reformado en Paseo de Gracia.\" srcset=\"https:\/\/www.vbisogno.com\/wp-content\/uploads\/2025\/07\/cocina-ladrillo-vista-techo-viga-estudio-reformado-paseo-gracia-barcelona-vbisogno.jpg 2000w, https:\/\/www.vbisogno.com\/wp-content\/uploads\/2025\/07\/cocina-ladrillo-vista-techo-viga-estudio-reformado-paseo-gracia-barcelona-vbisogno-768x512.jpg 768w\" sizes=\"auto, (max-width: 2000px) 100vw, 2000px\" \/>\t<\/a>\n<\/div>\n\t\t\t\t<div class=\"vbisogno-projects__item vbisogno-projects__item--regular\">\n\t<a\n\t\thref  = \"https:\/\/www.vbisogno.com\/ca\/proyecto\/pis-gran-via\/\"\n\t\tclass = \"vbisogno-projects__item__link\"\n\t\ttitle = \"Pis Gran Via\"\n\t>\n\t\t<img loading=\"lazy\" decoding=\"async\" width=\"2000\" height=\"1334\" src=\"https:\/\/www.vbisogno.com\/wp-content\/uploads\/2025\/07\/cocina-reforma-piso-gran-via-barcelona-isla-marmol-panelado-madera-vbisogno.jpg\" class=\"vbisogno-projects__item__image wp-post-image\" alt=\"Cocina moderna con isla de m\u00e1rmol, panelado de madera con cristaleras y electrodom\u00e9sticos integrados.\" srcset=\"https:\/\/www.vbisogno.com\/wp-content\/uploads\/2025\/07\/cocina-reforma-piso-gran-via-barcelona-isla-marmol-panelado-madera-vbisogno.jpg 2000w, https:\/\/www.vbisogno.com\/wp-content\/uploads\/2025\/07\/cocina-reforma-piso-gran-via-barcelona-isla-marmol-panelado-madera-vbisogno-768x512.jpg 768w\" sizes=\"auto, (max-width: 2000px) 100vw, 2000px\" \/>\t<\/a>\n<\/div>\n\t\t\t\t<div class=\"vbisogno-projects__item vbisogno-projects__item--regular\">\n\t<a\n\t\thref  = \"https:\/\/www.vbisogno.com\/ca\/proyecto\/pis-roger-de-lluria\/\"\n\t\tclass = \"vbisogno-projects__item__link\"\n\t\ttitle = \"Pis a Roger de\u00a0Ll\u00faria\"\n\t>\n\t\t<img loading=\"lazy\" decoding=\"async\" width=\"2000\" height=\"1333\" src=\"https:\/\/www.vbisogno.com\/wp-content\/uploads\/2025\/07\/reforma-piso-roger-de-lluria-barcelona-salon-parquet-luz-natural-vbisogno.jpg\" class=\"vbisogno-projects__item__image wp-post-image\" alt=\"Sal\u00f3n reformado con suelos de parquet en espiga, ventanas negras con luz natural y molduras minimalistas en vivienda de Roger de Ll\u00faria.\" srcset=\"https:\/\/www.vbisogno.com\/wp-content\/uploads\/2025\/07\/reforma-piso-roger-de-lluria-barcelona-salon-parquet-luz-natural-vbisogno.jpg 2000w, https:\/\/www.vbisogno.com\/wp-content\/uploads\/2025\/07\/reforma-piso-roger-de-lluria-barcelona-salon-parquet-luz-natural-vbisogno-768x512.jpg 768w\" sizes=\"auto, (max-width: 2000px) 100vw, 2000px\" \/>\t<\/a>\n<\/div>\n\t\t\t\t<div class=\"vbisogno-projects__item vbisogno-projects__item--regular\">\n\t<a\n\t\thref  = \"https:\/\/www.vbisogno.com\/ca\/proyecto\/pis-sabadell\/\"\n\t\tclass = \"vbisogno-projects__item__link\"\n\t\ttitle = \"Pis Sabadell\"\n\t>\n\t\t<img loading=\"lazy\" decoding=\"async\" width=\"890\" height=\"677\" src=\"https:\/\/www.vbisogno.com\/wp-content\/uploads\/2025\/07\/reforma-comedor-vivienda-sabadell-madera-iluminacion-natural-vbisogno.jpeg\" class=\"vbisogno-projects__item__image wp-post-image\" alt=\"Comedor reformado con mesa de madera maciza, sillas estilo escandinavo, l\u00e1mparas negras colgantes e iluminaci\u00f3n natural.\" srcset=\"https:\/\/www.vbisogno.com\/wp-content\/uploads\/2025\/07\/reforma-comedor-vivienda-sabadell-madera-iluminacion-natural-vbisogno.jpeg 890w, https:\/\/www.vbisogno.com\/wp-content\/uploads\/2025\/07\/reforma-comedor-vivienda-sabadell-madera-iluminacion-natural-vbisogno-444x338.jpeg 444w, https:\/\/www.vbisogno.com\/wp-content\/uploads\/2025\/07\/reforma-comedor-vivienda-sabadell-madera-iluminacion-natural-vbisogno-768x584.jpeg 768w\" sizes=\"auto, (max-width: 890px) 100vw, 890px\" \/>\t<\/a>\n<\/div>\n\t\t\t\t<div class=\"vbisogno-projects__item vbisogno-projects__item--regular\">\n\t<a\n\t\thref  = \"https:\/\/www.vbisogno.com\/ca\/proyecto\/restaurant-gala\/\"\n\t\tclass = \"vbisogno-projects__item__link\"\n\t\ttitle = \"Restaurant Gala\"\n\t>\n\t\t<img loading=\"lazy\" decoding=\"async\" width=\"890\" height=\"677\" src=\"https:\/\/www.vbisogno.com\/wp-content\/uploads\/2025\/07\/interiorismo-restaurante-gala-diseno-escenografico-colores-vbisogno.jpeg\" class=\"vbisogno-projects__item__image wp-post-image\" alt=\"Sala principal del restaurante Gala con dise\u00f1o escenogr\u00e1fico, telas a rayas, mobiliario curvo y decoraci\u00f3n en tonos c\u00e1lidos.\" srcset=\"https:\/\/www.vbisogno.com\/wp-content\/uploads\/2025\/07\/interiorismo-restaurante-gala-diseno-escenografico-colores-vbisogno.jpeg 890w, https:\/\/www.vbisogno.com\/wp-content\/uploads\/2025\/07\/interiorismo-restaurante-gala-diseno-escenografico-colores-vbisogno-444x338.jpeg 444w, https:\/\/www.vbisogno.com\/wp-content\/uploads\/2025\/07\/interiorismo-restaurante-gala-diseno-escenografico-colores-vbisogno-768x584.jpeg 768w\" sizes=\"auto, (max-width: 890px) 100vw, 890px\" \/>\t<\/a>\n<\/div>\n\t\t\t\t<div class=\"vbisogno-projects__item vbisogno-projects__item--regular\">\n\t<a\n\t\thref  = \"https:\/\/www.vbisogno.com\/ca\/proyecto\/clinica-minim\/\"\n\t\tclass = \"vbisogno-projects__item__link\"\n\t\ttitle = \"Cl\u00ednica\u00a0Minim\"\n\t>\n\t\t<img loading=\"lazy\" decoding=\"async\" width=\"890\" height=\"677\" src=\"https:\/\/www.vbisogno.com\/wp-content\/uploads\/2023\/11\/recepcion-madera-curva-diseno-interior-clinica-minim-vbisogno.jpeg\" class=\"vbisogno-projects__item__image wp-post-image\" alt=\"Recepci\u00f3n con dise\u00f1o curvo en madera natural en la Cl\u00ednica M\u00ednim de Barcelona.\" srcset=\"https:\/\/www.vbisogno.com\/wp-content\/uploads\/2023\/11\/recepcion-madera-curva-diseno-interior-clinica-minim-vbisogno.jpeg 890w, https:\/\/www.vbisogno.com\/wp-content\/uploads\/2023\/11\/recepcion-madera-curva-diseno-interior-clinica-minim-vbisogno-444x338.jpeg 444w, https:\/\/www.vbisogno.com\/wp-content\/uploads\/2023\/11\/recepcion-madera-curva-diseno-interior-clinica-minim-vbisogno-768x584.jpeg 768w\" sizes=\"auto, (max-width: 890px) 100vw, 890px\" \/>\t<\/a>\n<\/div>\n\t\t\t\t<div class=\"vbisogno-projects__item vbisogno-projects__item--regular\">\n\t<a\n\t\thref  = \"https:\/\/www.vbisogno.com\/ca\/proyecto\/restaurants-crep-nova\/\"\n\t\tclass = \"vbisogno-projects__item__link\"\n\t\ttitle = \"Restaurant Crep Nova\"\n\t>\n\t\t<img loading=\"lazy\" decoding=\"async\" width=\"890\" height=\"677\" src=\"https:\/\/www.vbisogno.com\/wp-content\/uploads\/2025\/07\/interiorismo-restaurante-crep-nova-estanteria-botellas-vegetacion-vbisogno.jpeg\" class=\"vbisogno-projects__item__image wp-post-image\" alt=\"Dise\u00f1o interior de restaurante con estanter\u00eda de botellas retroiluminada, vegetaci\u00f3n colgante y mobiliario a medida.\" srcset=\"https:\/\/www.vbisogno.com\/wp-content\/uploads\/2025\/07\/interiorismo-restaurante-crep-nova-estanteria-botellas-vegetacion-vbisogno.jpeg 890w, https:\/\/www.vbisogno.com\/wp-content\/uploads\/2025\/07\/interiorismo-restaurante-crep-nova-estanteria-botellas-vegetacion-vbisogno-444x338.jpeg 444w, https:\/\/www.vbisogno.com\/wp-content\/uploads\/2025\/07\/interiorismo-restaurante-crep-nova-estanteria-botellas-vegetacion-vbisogno-768x584.jpeg 768w\" sizes=\"auto, (max-width: 890px) 100vw, 890px\" \/>\t<\/a>\n<\/div>\n\t\t\t<\/div>\n\n\t<\/div>\n\t\n\n\t<\/div>\n<\/div>\n","protected":false},"excerpt":{"rendered":"","protected":false},"author":1,"featured_media":0,"parent":0,"menu_order":0,"comment_status":"closed","ping_status":"closed","template":"","meta":{"_acf_changed":false,"_joinchat":[],"footnotes":""},"class_list":["post-11942","page","type-page","status-publish","hentry"],"acf":[],"yoast_head":"<!-- This site is optimized with the Yoast SEO plugin v27.2 - https:\/\/yoast.com\/product\/yoast-seo-wordpress\/ -->\n<title>Projectes d&#039;interiorisme i disseny d&#039;interiors - VBISOGNO<\/title>\n<meta name=\"description\" content=\"A Vbisogno treballem perqu\u00e8 cada espai tingui \u00e0nima pr\u00f2pia i s&#039;adapti a les necessitats de cada projecte.\" \/>\n<meta name=\"robots\" content=\"index, follow, max-snippet:-1, max-image-preview:large, max-video-preview:-1\" \/>\n<link rel=\"canonical\" href=\"https:\/\/www.vbisogno.com\/ca\/projectes\/\" \/>\n<meta property=\"og:locale\" content=\"ca_ES\" \/>\n<meta property=\"og:type\" content=\"article\" \/>\n<meta property=\"og:title\" content=\"Projectes d&#039;interiorisme i disseny d&#039;interiors - VBISOGNO\" \/>\n<meta property=\"og:description\" content=\"A Vbisogno treballem perqu\u00e8 cada espai tingui \u00e0nima pr\u00f2pia i s&#039;adapti a les necessitats de cada projecte.\" \/>\n<meta property=\"og:url\" content=\"https:\/\/www.vbisogno.com\/ca\/projectes\/\" \/>\n<meta property=\"og:site_name\" content=\"VBISOGNO\" \/>\n<meta property=\"article:publisher\" content=\"https:\/\/facebook.com\/vbisognostudio\" \/>\n<meta property=\"article:modified_time\" content=\"2026-03-26T12:21:57+00:00\" \/>\n<meta name=\"twitter:card\" content=\"summary_large_image\" \/>\n<meta name=\"twitter:label1\" content=\"Temps estimat de lectura\" \/>\n\t<meta name=\"twitter:data1\" content=\"1 minut\" \/>\n<!-- \/ Yoast SEO plugin. -->","yoast_head_json":{"title":"Projectes d'interiorisme i disseny d'interiors - VBISOGNO","description":"A Vbisogno treballem perqu\u00e8 cada espai tingui \u00e0nima pr\u00f2pia i s'adapti a les necessitats de cada projecte.","robots":{"index":"index","follow":"follow","max-snippet":"max-snippet:-1","max-image-preview":"max-image-preview:large","max-video-preview":"max-video-preview:-1"},"canonical":"https:\/\/www.vbisogno.com\/ca\/projectes\/","og_locale":"ca_ES","og_type":"article","og_title":"Projectes d'interiorisme i disseny d'interiors - VBISOGNO","og_description":"A Vbisogno treballem perqu\u00e8 cada espai tingui \u00e0nima pr\u00f2pia i s'adapti a les necessitats de cada projecte.","og_url":"https:\/\/www.vbisogno.com\/ca\/projectes\/","og_site_name":"VBISOGNO","article_publisher":"https:\/\/facebook.com\/vbisognostudio","article_modified_time":"2026-03-26T12:21:57+00:00","twitter_card":"summary_large_image","twitter_misc":{"Temps estimat de lectura":"1 minut"},"schema":{"@context":"https:\/\/schema.org","@graph":[{"@type":["WebPage","ItemPage"],"@id":"https:\/\/www.vbisogno.com\/ca\/projectes\/","url":"https:\/\/www.vbisogno.com\/ca\/projectes\/","name":"Projectes d'interiorisme i disseny d'interiors - VBISOGNO","isPartOf":{"@id":"https:\/\/www.vbisogno.com\/ca\/#website"},"datePublished":"2023-11-10T17:44:30+00:00","dateModified":"2026-03-26T12:21:57+00:00","description":"A Vbisogno treballem perqu\u00e8 cada espai tingui \u00e0nima pr\u00f2pia i s'adapti a les necessitats de cada projecte.","breadcrumb":{"@id":"https:\/\/www.vbisogno.com\/ca\/projectes\/#breadcrumb"},"inLanguage":"ca","potentialAction":[{"@type":"ReadAction","target":["https:\/\/www.vbisogno.com\/ca\/projectes\/"]}]},{"@type":"BreadcrumbList","@id":"https:\/\/www.vbisogno.com\/ca\/projectes\/#breadcrumb","itemListElement":[{"@type":"ListItem","position":1,"name":"Home","item":"https:\/\/www.vbisogno.com\/ca\/"},{"@type":"ListItem","position":2,"name":"Projectes"}]},{"@type":"WebSite","@id":"https:\/\/www.vbisogno.com\/ca\/#website","url":"https:\/\/www.vbisogno.com\/ca\/","name":"Vbisogno","description":"","publisher":{"@id":"https:\/\/www.vbisogno.com\/ca\/#organization"},"alternateName":"Vbisogno","potentialAction":[{"@type":"SearchAction","target":{"@type":"EntryPoint","urlTemplate":"https:\/\/www.vbisogno.com\/ca\/?s={search_term_string}"},"query-input":{"@type":"PropertyValueSpecification","valueRequired":true,"valueName":"search_term_string"}}],"inLanguage":"ca"},{"@type":"Organization","@id":"https:\/\/www.vbisogno.com\/ca\/#organization","name":"Vbisogno","alternateName":"Vbisogno","url":"https:\/\/www.vbisogno.com\/ca\/","logo":{"@type":"ImageObject","inLanguage":"ca","@id":"https:\/\/www.vbisogno.com\/ca\/#\/schema\/logo\/image\/","url":"https:\/\/www.vbisogno.com\/wp-content\/uploads\/2023\/11\/vbisogno-horizontal.svg","contentUrl":"https:\/\/www.vbisogno.com\/wp-content\/uploads\/2023\/11\/vbisogno-horizontal.svg","width":176,"height":47,"caption":"Vbisogno"},"image":{"@id":"https:\/\/www.vbisogno.com\/ca\/#\/schema\/logo\/image\/"},"sameAs":["https:\/\/facebook.com\/vbisognostudio","http:\/\/instagram.com\/vbisognostudio"]}]}},"_links":{"self":[{"href":"https:\/\/www.vbisogno.com\/ca\/wp-json\/wp\/v2\/pages\/11942","targetHints":{"allow":["GET"]}}],"collection":[{"href":"https:\/\/www.vbisogno.com\/ca\/wp-json\/wp\/v2\/pages"}],"about":[{"href":"https:\/\/www.vbisogno.com\/ca\/wp-json\/wp\/v2\/types\/page"}],"author":[{"embeddable":true,"href":"https:\/\/www.vbisogno.com\/ca\/wp-json\/wp\/v2\/users\/1"}],"replies":[{"embeddable":true,"href":"https:\/\/www.vbisogno.com\/ca\/wp-json\/wp\/v2\/comments?post=11942"}],"version-history":[{"count":3,"href":"https:\/\/www.vbisogno.com\/ca\/wp-json\/wp\/v2\/pages\/11942\/revisions"}],"predecessor-version":[{"id":12759,"href":"https:\/\/www.vbisogno.com\/ca\/wp-json\/wp\/v2\/pages\/11942\/revisions\/12759"}],"wp:attachment":[{"href":"https:\/\/www.vbisogno.com\/ca\/wp-json\/wp\/v2\/media?parent=11942"}],"curies":[{"name":"wp","href":"https:\/\/api.w.org\/{rel}","templated":true}]}}