{"id":11857,"date":"2023-11-10T18:37:30","date_gmt":"2023-11-10T17:37:30","guid":{"rendered":"https:\/\/www.vbisogno.com\/sobre-nosotros\/"},"modified":"2026-01-20T07:35:50","modified_gmt":"2026-01-20T06:35:50","slug":"sobre-nosaltres","status":"publish","type":"page","link":"https:\/\/www.vbisogno.com\/ca\/sobre-nosotros\/","title":{"rendered":"Sobre nosaltres"},"content":{"rendered":"<div\nclass=\"xsd-cover skip-lazy xsd-cover--image align wp-block-xsd-cover wp-block-xsd-cover-\">\n\t<img loading=\"lazy\" decoding=\"async\" width=\"1440\" height=\"1080\" src=\"https:\/\/www.vbisogno.com\/wp-content\/uploads\/2025\/07\/reforma-integral-demolicion-interiorismo-vbisogno-1.jpg\" class=\"xsd-cover__image xsd-cover__image--only-desktop\" alt=\"Proceso de demolici\u00f3n en una reforma integral de vivienda en Barcelona por el estudio de interiorismo VBISOGNO.\" \/><img loading=\"lazy\" decoding=\"async\" width=\"900\" height=\"675\" src=\"https:\/\/www.vbisogno.com\/wp-content\/uploads\/2025\/07\/reforma-integral-demolicion-interiorismo-vbisogno.jpg\" class=\"xsd-cover__image xsd-cover__image--only-mobile\" alt=\"Proceso de demolici\u00f3n en una reforma integral de vivienda en Barcelona por el estudio de interiorismo VBISOGNO.\" \/>\t<div class=\"xsd-cover__overlay\"><\/div>\n\t<div class=\"xsd-cover__content\">\n\t\t\n<div\nclass=\"xsd-container align wp-block-xsd-container\" id=\"xsd-container-1\">\n\t<div class=\"wrapper wrapper--small\">\n\t\t\n\n<h1 class=\"wp-block-heading has-text-align-center has-background-color has-text-color has-link-color wp-elements-4049f96ae713eec033e8afa59d3d7c96\">Sobre nosaltres<\/h1>\n\n\n\t<\/div>\n<\/div>\n\n\n\t<\/div>\n<\/div>\n\n\n<div\nstyle=\"padding-top:var(--wp--preset--spacing--70);padding-bottom:var(--wp--preset--spacing--70);\" class=\"xsd-container align wp-block-xsd-container\" id=\"xsd-container-2\">\n\t<div class=\"wrapper wrapper--normal\">\n\t\t\n<div\n\tclass=\"vbisogno-text-image align wp-block-vbisogno-text-image\" id=\"block_b60cb2c80f94422d60a35d3d2a498b38\">\n\t<div class=\"vbisogno-text-image__text html-content\">\n\t\t<p><!-- wp:heading --><\/p>\n<h2 class=\"wp-block-heading\">Estudi d&#8217;arquitectura i interiorisme<\/h2>\n<p><!-- \/wp:heading --> <!-- wp:paragraph --><\/p>\n<p>Vbisogno neix de la inquietud per aconseguir l&#8217;equilibri entre bellesa i funcionalitat, per adequar cada espai a un lloc, personalitat i situaci\u00f3 espec\u00edfiques creant aix\u00ed projectes \u00fanics.<\/p>\n<p><!-- \/wp:paragraph --> <!-- wp:paragraph --><\/p>\n<p>Des del primer dia, treballem el m\u00e9s m\u00ednim detall en la creaci\u00f3 de nous espais, adaptant els nostres projectes a l&#8217;estil desitjat per cada client.<\/p>\n<!-- \/wp:paragraph -->\t<\/div>\n\t<div class=\"vbisogno-text-image__media vbisogno-text-image__media\">\n\t\t<img loading=\"lazy\" decoding=\"async\" width=\"1000\" height=\"1210\" src=\"https:\/\/www.vbisogno.com\/wp-content\/uploads\/2025\/07\/interiorismo-planificacion-materiales-diseno-espacios-vbisogno.jpeg\" class=\"vbisogno-text-image__image vbisogno-text-image__image--first\" alt=\"Proceso de planificaci\u00f3n de interiorismo con planos t\u00e9cnicos, paletas de color y selecci\u00f3n de materiales en VBISOGNO.\" srcset=\"https:\/\/www.vbisogno.com\/wp-content\/uploads\/2025\/07\/interiorismo-planificacion-materiales-diseno-espacios-vbisogno.jpeg 1000w, https:\/\/www.vbisogno.com\/wp-content\/uploads\/2025\/07\/interiorismo-planificacion-materiales-diseno-espacios-vbisogno-768x929.jpeg 768w\" sizes=\"auto, (max-width: 1000px) 100vw, 1000px\" \/>\t\t<img loading=\"lazy\" decoding=\"async\" width=\"1000\" height=\"667\" src=\"https:\/\/www.vbisogno.com\/wp-content\/uploads\/2025\/07\/reforma-interiorismo-vivienda-puertas-correderas-iluminacion-led-vbisogno.jpg\" class=\"vbisogno-text-image__image vbisogno-text-image__image--last\" alt=\"Espacio reformado con puertas correderas empotradas, suelo en espiga y luz ambiental LED.\" srcset=\"https:\/\/www.vbisogno.com\/wp-content\/uploads\/2025\/07\/reforma-interiorismo-vivienda-puertas-correderas-iluminacion-led-vbisogno.jpg 1000w, https:\/\/www.vbisogno.com\/wp-content\/uploads\/2025\/07\/reforma-interiorismo-vivienda-puertas-correderas-iluminacion-led-vbisogno-768x512.jpg 768w\" sizes=\"auto, (max-width: 1000px) 100vw, 1000px\" \/>\t<\/div>\n<\/div>\n\n\n\t<\/div>\n<\/div>\n\n\n<div\nstyle=\"padding-top:0;padding-bottom:var(--wp--preset--spacing--70);\" class=\"xsd-container align wp-block-xsd-container\" id=\"xsd-container-3\">\n\t<div class=\"wrapper wrapper--normal\">\n\t\t\n<div\n\tclass=\"vbisogno-text-image alignleft wp-block-vbisogno-text-image\" id=\"block_b113e6a75d0c562f006c67afd4bd8093\">\n\t<div class=\"vbisogno-text-image__text html-content\">\n\t\t<p><!-- wp:heading --><\/p>\n<h2 class=\"wp-block-heading\">Els projectes de Vbisogno estan dedicats tant a particulars com a empreses i espais comercials<\/h2>\n<p><!-- \/wp:heading --> <!-- wp:paragraph --><\/p>\n<p>Ja sigui amb una reforma integral, parcial o projectes de visual marxandatge.<\/p>\n<p><!-- \/wp:paragraph --> <!-- wp:paragraph --><\/p>\n<p>El nostre equip t\u00e9 una \u00e0mplia experi\u00e8ncia en assessorament t\u00e8cnic, en dibuix 3D renderitzat i en l&#8217;elecci\u00f3 de nous materials.<\/p>\n<p><!-- \/wp:paragraph --> <!-- wp:paragraph --><\/p>\n<p>Treballem sempre al costat d&#8217;una plantilla d&#8217;industrials especialitzats en cada \u00e0mbit de la construcci\u00f3, buscant sempre el millor resultat i satisfacci\u00f3.<\/p>\n<p><!-- \/wp:paragraph --><\/p>\n\t<\/div>\n\t<div class=\"vbisogno-text-image__media vbisogno-text-image__media\">\n\t\t<img loading=\"lazy\" decoding=\"async\" width=\"1000\" height=\"654\" src=\"https:\/\/www.vbisogno.com\/wp-content\/uploads\/2025\/07\/terraza-diseno-exterior-reforma-natural-mobiliario-vbisogno.jpg\" class=\"vbisogno-text-image__image vbisogno-text-image__image--first\" alt=\"Terraza reformada con comedor exterior, vegetaci\u00f3n tropical y mobiliario natural de estilo mediterr\u00e1neo.\" srcset=\"https:\/\/www.vbisogno.com\/wp-content\/uploads\/2025\/07\/terraza-diseno-exterior-reforma-natural-mobiliario-vbisogno.jpg 1000w, https:\/\/www.vbisogno.com\/wp-content\/uploads\/2025\/07\/terraza-diseno-exterior-reforma-natural-mobiliario-vbisogno-768x502.jpg 768w\" sizes=\"auto, (max-width: 1000px) 100vw, 1000px\" \/>\t\t<img loading=\"lazy\" decoding=\"async\" width=\"1000\" height=\"654\" src=\"https:\/\/www.vbisogno.com\/wp-content\/uploads\/2025\/07\/terraza-diseno-exterior-reforma-natural-mobiliario-vbisogno.jpg\" class=\"vbisogno-text-image__image vbisogno-text-image__image--last\" alt=\"Terraza reformada con comedor exterior, vegetaci\u00f3n tropical y mobiliario natural de estilo mediterr\u00e1neo.\" srcset=\"https:\/\/www.vbisogno.com\/wp-content\/uploads\/2025\/07\/terraza-diseno-exterior-reforma-natural-mobiliario-vbisogno.jpg 1000w, https:\/\/www.vbisogno.com\/wp-content\/uploads\/2025\/07\/terraza-diseno-exterior-reforma-natural-mobiliario-vbisogno-768x502.jpg 768w\" sizes=\"auto, (max-width: 1000px) 100vw, 1000px\" \/>\t<\/div>\n<\/div>\n\n\n\t<\/div>\n<\/div>\n\n\n<div\nstyle=\"padding-top:0;padding-bottom:var(--wp--preset--spacing--70);\" class=\"xsd-container align wp-block-xsd-container\" id=\"xsd-container-4\">\n\t<div class=\"wrapper wrapper--normal\">\n\t\t\n<div\n\tclass=\"vbisogno-text-image align wp-block-vbisogno-text-image\" id=\"block_bbf35394befbd6e5f7bcc998467791fd\">\n\t<div class=\"vbisogno-text-image__text html-content\">\n\t\t<p><!-- wp:heading --><\/p>\n<h2 class=\"wp-block-heading\">Com treballem<\/h2>\n<p><!-- \/wp:heading --> <!-- wp:paragraph --><\/p>\n<p>T&#8217;acompanyarem en tot el proc\u00e9s, o en la part que desitgis, d&#8217;una forma pr\u00f2xima i transparent.<\/p>\n<p>El nostre comprom\u00eds amb tu pot comen\u00e7ar amb un primer assessorament previ a la compra d&#8217;un immoble i fins a la finalitzaci\u00f3 de la reforma d&#8217;aquest. Sempre treballant de la m\u00e0 del client, pas a pas i valorant cada decisi\u00f3.<\/p>\n<p><!-- \/wp:paragraph --><\/p>\n\t<\/div>\n\t<div class=\"vbisogno-text-image__media vbisogno-text-image__media\">\n\t\t<img loading=\"lazy\" decoding=\"async\" width=\"1000\" height=\"667\" src=\"https:\/\/www.vbisogno.com\/wp-content\/uploads\/2025\/07\/interiorismo-restaurante-casa-petra-reforma-comercial-vbisogno.jpg\" class=\"vbisogno-text-image__image vbisogno-text-image__image--first\" alt=\"Dise\u00f1o de interior para restaurante con mobiliario a medida, iluminaci\u00f3n c\u00e1lida y revestimientos textiles en Casa Petra.\" srcset=\"https:\/\/www.vbisogno.com\/wp-content\/uploads\/2025\/07\/interiorismo-restaurante-casa-petra-reforma-comercial-vbisogno.jpg 1000w, https:\/\/www.vbisogno.com\/wp-content\/uploads\/2025\/07\/interiorismo-restaurante-casa-petra-reforma-comercial-vbisogno-768x512.jpg 768w\" sizes=\"auto, (max-width: 1000px) 100vw, 1000px\" \/>\t\t<img loading=\"lazy\" decoding=\"async\" width=\"1000\" height=\"667\" src=\"https:\/\/www.vbisogno.com\/wp-content\/uploads\/2025\/07\/reforma-integral-vivienda-sant-cugat-centro-bodega-ascensor-vbisogno.jpg\" class=\"vbisogno-text-image__image vbisogno-text-image__image--last\" alt=\"Zona de escaleras con ascensor y bodega acristalada integrada en reforma integral de vivienda en Sant Cugat Centro.\" srcset=\"https:\/\/www.vbisogno.com\/wp-content\/uploads\/2025\/07\/reforma-integral-vivienda-sant-cugat-centro-bodega-ascensor-vbisogno.jpg 1000w, https:\/\/www.vbisogno.com\/wp-content\/uploads\/2025\/07\/reforma-integral-vivienda-sant-cugat-centro-bodega-ascensor-vbisogno-768x512.jpg 768w\" sizes=\"auto, (max-width: 1000px) 100vw, 1000px\" \/>\t<\/div>\n<\/div>\n\n\n\t<\/div>\n<\/div>\n\n\n<div\nstyle=\"padding-bottom:var(--wp--preset--spacing--40);\" class=\"xsd-container align wp-block-xsd-container\" id=\"xsd-container-5\">\n\t<div class=\"wrapper wrapper--normal\">\n\t\t\n\n<div class=\"wp-block-columns is-align-top is-layout-flex wp-container-core-columns-is-layout-9d6595d7 wp-block-columns-is-layout-flex\">\n<div class=\"wp-block-column is-layout-flow wp-block-column-is-layout-flow\">\n<figure class=\"wp-block-image size-large\"><img loading=\"lazy\" decoding=\"async\" width=\"126\" height=\"100\" src=\"https:\/\/www.vbisogno.com\/wp-content\/uploads\/2023\/12\/ico01.svg\" alt=\"\" class=\"wp-image-130\"\/><\/figure>\n\n\n\n<p class=\"has-secondary-color has-text-color has-link-color has-regular-font-size wp-elements-bd2330d4dbf7f5cdb7d55da73d4f9a83\">1. Assessorament en l&#8217;obtenci\u00f3 d&#8217;immobles<\/p>\n\n\n\n<p>En moltes ocasions es vol comprar un immoble per a reformar, per\u00f2 es desconeixen les possibilitats que pot oferir l&#8217;habitatge i aix\u00f2 pot influir en l&#8217;elecci\u00f3 final. T&#8217;acompanyem en el proc\u00e9s previ a la reforma per a tenir una visi\u00f3 general de les possibilitats de cada espai.<\/p>\n<\/div>\n\n\n\n<div class=\"wp-block-column is-layout-flow wp-block-column-is-layout-flow\">\n<figure class=\"wp-block-image size-large\"><img loading=\"lazy\" decoding=\"async\" width=\"126\" height=\"100\" src=\"https:\/\/www.vbisogno.com\/wp-content\/uploads\/2023\/12\/ico02.svg\" alt=\"\" class=\"wp-image-131\"\/><\/figure>\n\n\n\n<p class=\"has-secondary-color has-text-color has-link-color has-regular-font-size wp-elements-7669d1f7df51d1af462f4ca2a63e8dd3\">2. Plans i projecte de distribuci\u00f3 d&#8217;espais<\/p>\n\n\n\n<p>Treballarem diferents opcions segons les necessitats i aspiracions de cada client. Sempre prioritzant el major rendiment i practicitat per a cada zona.<\/p>\n<\/div>\n\n\n\n<div class=\"wp-block-column is-layout-flow wp-block-column-is-layout-flow\">\n<figure class=\"wp-block-image size-large\"><img loading=\"lazy\" decoding=\"async\" width=\"121\" height=\"100\" src=\"https:\/\/www.vbisogno.com\/wp-content\/uploads\/2023\/12\/ico03.svg\" alt=\"\" class=\"wp-image-132\"\/><\/figure>\n\n\n\n<p class=\"has-secondary-color has-text-color has-link-color has-regular-font-size wp-elements-386a10cb8c7b4f91d35b46ae13f31b18\">3. Execuci\u00f3 i direcci\u00f3 d&#8217;obra<\/p>\n\n\n\n<p>Al costat d&#8217;un equip d&#8217;industrials de confian\u00e7a i altament qualificats, donarem forma al projecte amb la cerca permanent del millor resultat.<\/p>\n<\/div>\n\n\n\n<div class=\"wp-block-column is-layout-flow wp-block-column-is-layout-flow\">\n<figure class=\"wp-block-image size-large\"><img loading=\"lazy\" decoding=\"async\" width=\"121\" height=\"100\" src=\"https:\/\/www.vbisogno.com\/wp-content\/uploads\/2023\/12\/ico04.svg\" alt=\"\" class=\"wp-image-133\"\/><\/figure>\n\n\n\n<p class=\"has-secondary-color has-text-color has-link-color has-regular-font-size wp-elements-0f2f79ee803e8ebe4759a8210d96176d\">4. Decoraci\u00f3<\/p>\n\n\n\n<p>Podem ajudar-te en l&#8217;elecci\u00f3 de mobiliari i t\u00e8xtils per a donar \u00e0nima a l&#8217;habitatge. Ens ocupem de cada detall perqu\u00e8 la teva llar parli m\u00e9s de tu.<\/p>\n<\/div>\n<\/div>\n\n\n\t<\/div>\n<\/div>\n","protected":false},"excerpt":{"rendered":"","protected":false},"author":1,"featured_media":0,"parent":0,"menu_order":0,"comment_status":"closed","ping_status":"closed","template":"","meta":{"_acf_changed":false,"_joinchat":[],"footnotes":""},"class_list":["post-11857","page","type-page","status-publish","hentry"],"acf":[],"yoast_head":"<!-- This site is optimized with the Yoast SEO plugin v27.2 - https:\/\/yoast.com\/product\/yoast-seo-wordpress\/ -->\n<title>Coneix el nostre Estudi d&#039;Interiorisme - VBISOGNO<\/title>\n<meta name=\"description\" content=\"Descobreix com treballem a Vbisogno. Els nostres projectes estan dedicats tant a particulars com a empreses i espais comercials.\" \/>\n<meta name=\"robots\" content=\"index, follow, max-snippet:-1, max-image-preview:large, max-video-preview:-1\" \/>\n<link rel=\"canonical\" href=\"https:\/\/www.vbisogno.com\/ca\/sobre-nosotros\/\" \/>\n<meta property=\"og:locale\" content=\"ca_ES\" \/>\n<meta property=\"og:type\" content=\"article\" \/>\n<meta property=\"og:title\" content=\"Coneix el nostre Estudi d&#039;Interiorisme - VBISOGNO\" \/>\n<meta property=\"og:description\" content=\"Descobreix com treballem a Vbisogno. Els nostres projectes estan dedicats tant a particulars com a empreses i espais comercials.\" \/>\n<meta property=\"og:url\" content=\"https:\/\/www.vbisogno.com\/ca\/sobre-nosotros\/\" \/>\n<meta property=\"og:site_name\" content=\"VBISOGNO\" \/>\n<meta property=\"article:publisher\" content=\"https:\/\/facebook.com\/vbisognostudio\" \/>\n<meta property=\"article:modified_time\" content=\"2026-01-20T06:35:50+00:00\" \/>\n<meta property=\"og:image\" content=\"https:\/\/www.vbisogno.com\/wp-content\/uploads\/2023\/12\/ico01.svg\" \/>\n<meta name=\"twitter:card\" content=\"summary_large_image\" \/>\n<meta name=\"twitter:label1\" content=\"Temps estimat de lectura\" \/>\n\t<meta name=\"twitter:data1\" content=\"2 minuts\" \/>\n<!-- \/ Yoast SEO plugin. -->","yoast_head_json":{"title":"Coneix el nostre Estudi d'Interiorisme - VBISOGNO","description":"Descobreix com treballem a Vbisogno. Els nostres projectes estan dedicats tant a particulars com a empreses i espais comercials.","robots":{"index":"index","follow":"follow","max-snippet":"max-snippet:-1","max-image-preview":"max-image-preview:large","max-video-preview":"max-video-preview:-1"},"canonical":"https:\/\/www.vbisogno.com\/ca\/sobre-nosotros\/","og_locale":"ca_ES","og_type":"article","og_title":"Coneix el nostre Estudi d'Interiorisme - VBISOGNO","og_description":"Descobreix com treballem a Vbisogno. Els nostres projectes estan dedicats tant a particulars com a empreses i espais comercials.","og_url":"https:\/\/www.vbisogno.com\/ca\/sobre-nosotros\/","og_site_name":"VBISOGNO","article_publisher":"https:\/\/facebook.com\/vbisognostudio","article_modified_time":"2026-01-20T06:35:50+00:00","og_image":[{"url":"https:\/\/www.vbisogno.com\/wp-content\/uploads\/2023\/12\/ico01.svg","type":"","width":"","height":""}],"twitter_card":"summary_large_image","twitter_misc":{"Temps estimat de lectura":"2 minuts"},"schema":{"@context":"https:\/\/schema.org","@graph":[{"@type":["WebPage","ItemPage"],"@id":"https:\/\/www.vbisogno.com\/ca\/sobre-nosotros\/","url":"https:\/\/www.vbisogno.com\/ca\/sobre-nosotros\/","name":"Coneix el nostre Estudi d'Interiorisme - VBISOGNO","isPartOf":{"@id":"https:\/\/www.vbisogno.com\/ca\/#website"},"primaryImageOfPage":{"@id":"https:\/\/www.vbisogno.com\/ca\/sobre-nosotros\/#primaryimage"},"image":{"@id":"https:\/\/www.vbisogno.com\/ca\/sobre-nosotros\/#primaryimage"},"thumbnailUrl":"https:\/\/www.vbisogno.com\/wp-content\/uploads\/2023\/12\/ico01.svg","datePublished":"2023-11-10T17:37:30+00:00","dateModified":"2026-01-20T06:35:50+00:00","description":"Descobreix com treballem a Vbisogno. Els nostres projectes estan dedicats tant a particulars com a empreses i espais comercials.","breadcrumb":{"@id":"https:\/\/www.vbisogno.com\/ca\/sobre-nosotros\/#breadcrumb"},"inLanguage":"ca","potentialAction":[{"@type":"ReadAction","target":["https:\/\/www.vbisogno.com\/ca\/sobre-nosotros\/"]}]},{"@type":"ImageObject","inLanguage":"ca","@id":"https:\/\/www.vbisogno.com\/ca\/sobre-nosotros\/#primaryimage","url":"https:\/\/www.vbisogno.com\/wp-content\/uploads\/2023\/12\/ico01.svg","contentUrl":"https:\/\/www.vbisogno.com\/wp-content\/uploads\/2023\/12\/ico01.svg"},{"@type":"BreadcrumbList","@id":"https:\/\/www.vbisogno.com\/ca\/sobre-nosotros\/#breadcrumb","itemListElement":[{"@type":"ListItem","position":1,"name":"Home","item":"https:\/\/www.vbisogno.com\/ca\/"},{"@type":"ListItem","position":2,"name":"Sobre nosaltres"}]},{"@type":"WebSite","@id":"https:\/\/www.vbisogno.com\/ca\/#website","url":"https:\/\/www.vbisogno.com\/ca\/","name":"Vbisogno","description":"","publisher":{"@id":"https:\/\/www.vbisogno.com\/ca\/#organization"},"alternateName":"Vbisogno","potentialAction":[{"@type":"SearchAction","target":{"@type":"EntryPoint","urlTemplate":"https:\/\/www.vbisogno.com\/ca\/?s={search_term_string}"},"query-input":{"@type":"PropertyValueSpecification","valueRequired":true,"valueName":"search_term_string"}}],"inLanguage":"ca"},{"@type":"Organization","@id":"https:\/\/www.vbisogno.com\/ca\/#organization","name":"Vbisogno","alternateName":"Vbisogno","url":"https:\/\/www.vbisogno.com\/ca\/","logo":{"@type":"ImageObject","inLanguage":"ca","@id":"https:\/\/www.vbisogno.com\/ca\/#\/schema\/logo\/image\/","url":"https:\/\/www.vbisogno.com\/wp-content\/uploads\/2023\/11\/vbisogno-horizontal.svg","contentUrl":"https:\/\/www.vbisogno.com\/wp-content\/uploads\/2023\/11\/vbisogno-horizontal.svg","width":176,"height":47,"caption":"Vbisogno"},"image":{"@id":"https:\/\/www.vbisogno.com\/ca\/#\/schema\/logo\/image\/"},"sameAs":["https:\/\/facebook.com\/vbisognostudio","http:\/\/instagram.com\/vbisognostudio"]}]}},"_links":{"self":[{"href":"https:\/\/www.vbisogno.com\/ca\/wp-json\/wp\/v2\/pages\/11857","targetHints":{"allow":["GET"]}}],"collection":[{"href":"https:\/\/www.vbisogno.com\/ca\/wp-json\/wp\/v2\/pages"}],"about":[{"href":"https:\/\/www.vbisogno.com\/ca\/wp-json\/wp\/v2\/types\/page"}],"author":[{"embeddable":true,"href":"https:\/\/www.vbisogno.com\/ca\/wp-json\/wp\/v2\/users\/1"}],"replies":[{"embeddable":true,"href":"https:\/\/www.vbisogno.com\/ca\/wp-json\/wp\/v2\/comments?post=11857"}],"version-history":[{"count":2,"href":"https:\/\/www.vbisogno.com\/ca\/wp-json\/wp\/v2\/pages\/11857\/revisions"}],"predecessor-version":[{"id":12339,"href":"https:\/\/www.vbisogno.com\/ca\/wp-json\/wp\/v2\/pages\/11857\/revisions\/12339"}],"wp:attachment":[{"href":"https:\/\/www.vbisogno.com\/ca\/wp-json\/wp\/v2\/media?parent=11857"}],"curies":[{"name":"wp","href":"https:\/\/api.w.org\/{rel}","templated":true}]}}