{"id":11853,"date":"2025-10-07T04:13:44","date_gmt":"2025-10-07T02:13:44","guid":{"rendered":"https:\/\/www.vbisogno.com\/blog\/"},"modified":"2026-01-20T07:39:04","modified_gmt":"2026-01-20T06:39:04","slug":"blog","status":"publish","type":"page","link":"https:\/\/www.vbisogno.com\/ca\/blog\/","title":{"rendered":"Blog"},"content":{"rendered":"<div\nclass=\"xsd-cover skip-lazy xsd-cover--image align wp-block-xsd-cover wp-block-xsd-cover-\">\n\t<img loading=\"lazy\" decoding=\"async\" width=\"3463\" height=\"2309\" src=\"https:\/\/www.vbisogno.com\/wp-content\/uploads\/2025\/10\/blog.jpg\" class=\"xsd-cover__image\" alt=\"\" \/>\t<div class=\"xsd-cover__overlay\"><\/div>\n\t<div class=\"xsd-cover__content\">\n\t\t\n<div\nclass=\"xsd-container align wp-block-xsd-container\" id=\"xsd-container-1\">\n\t<div class=\"wrapper wrapper--small\">\n\t\t\n\n<h1 class=\"wp-block-heading has-text-align-center has-background-color has-text-color has-link-color wp-elements-b36af3dda26252b1d55b1541306fb326\">Blog<\/h1>\n\n\n\n<p>Al blog de VBisogno podreu obtenir consells d&#8217;interiorisme, con\u00e8ixer les tend\u00e8ncies en disseny i aprendre m\u00e9s sobre materials sostenibles.<\/p>\n\n\n\t<\/div>\n<\/div>\n\n\n\t<\/div>\n<\/div>\n\n\n<div\n\tclass=\"vbisogno-blog-posts align wp-block-vbisogno-blog-posts\" id=\"block_43edec181568a731d4f38b807ab52f8d\">\n\t\t\t\n\t\t<div class=\"vbisogno-blog-posts__item vbisogno-blog-posts__item--image-right\">\n\t\t\t<div class=\"vbisogno-blog-posts__content\">\n\t\t\t\t<div class=\"vbisogno-blog-posts__text\">\n\t\t\t\t\t\t\t\t\t\t<h2 class=\"vbisogno-blog-posts__title\">Dissenys de cafeteries que marquen tend\u00e8ncia<\/h2>\n\t\t\t\t\t\t\t\t\t\t\n\t\t\t\t\t\t\t\t\t\t\n\t\t\t\t\t<a href=\"https:\/\/www.vbisogno.com\/ca\/blog\/diseno-de-cafeterias-que-marcan-tendencia\/\" class=\"vbisogno-blog-posts__link\">\n\t\t\t\t\t\tVeure m\u00e9s\t\t\t\t\t<\/a>\n\t\t\t\t<\/div>\n\t\t\t\t\n\t\t\t\t\t\t\t\t<div class=\"vbisogno-blog-posts__image-wrapper\">\n\t\t\t\t\t<img loading=\"lazy\" decoding=\"async\" width=\"1135\" height=\"605\" src=\"https:\/\/www.vbisogno.com\/wp-content\/uploads\/2026\/04\/u2298755331_modern_coffee_shop_interior_design_warm_minimal_a_eb3b3f97-5073-45ba-b0e5-8e28cd93967e_2-1135x605.jpg\" class=\"vbisogno-blog-posts__image\" alt=\"dise\u00f1o de cafeter\u00edas\" \/>\t\t\t\t<\/div>\n\t\t\t\t\t\t\t<\/div>\n\t\t<\/div>\n\t\t\n\t\t\t\t\n\t\t<div class=\"vbisogno-blog-posts__item vbisogno-blog-posts__item--image-left\">\n\t\t\t<div class=\"vbisogno-blog-posts__content\">\n\t\t\t\t<div class=\"vbisogno-blog-posts__text\">\n\t\t\t\t\t\t\t\t\t\t<h2 class=\"vbisogno-blog-posts__title\">Estil ecl\u00e8ctic en interiors amb car\u00e0cter<\/h2>\n\t\t\t\t\t\t\t\t\t\t\n\t\t\t\t\t\t\t\t\t\t\n\t\t\t\t\t<a href=\"https:\/\/www.vbisogno.com\/ca\/blog\/estilo-eclectico-en-interiores-con-caracter\/\" class=\"vbisogno-blog-posts__link\">\n\t\t\t\t\t\tVeure m\u00e9s\t\t\t\t\t<\/a>\n\t\t\t\t<\/div>\n\t\t\t\t\n\t\t\t\t\t\t\t\t<div class=\"vbisogno-blog-posts__image-wrapper\">\n\t\t\t\t\t<img loading=\"lazy\" decoding=\"async\" width=\"1024\" height=\"605\" src=\"https:\/\/www.vbisogno.com\/wp-content\/uploads\/2026\/04\/u2298755331_minimal_eclectic_interior_curated_composition_few_a7c06bbb-d031-4481-860b-e26b27857733_2-1024x605.jpg\" class=\"vbisogno-blog-posts__image\" alt=\"estilo ecl\u00e9ctico\" \/>\t\t\t\t<\/div>\n\t\t\t\t\t\t\t<\/div>\n\t\t<\/div>\n\t\t\n\t\t\t\t\n\t\t<div class=\"vbisogno-blog-posts__item vbisogno-blog-posts__item--image-right\">\n\t\t\t<div class=\"vbisogno-blog-posts__content\">\n\t\t\t\t<div class=\"vbisogno-blog-posts__text\">\n\t\t\t\t\t\t\t\t\t\t<h2 class=\"vbisogno-blog-posts__title\">Cuines sense rajoles amb est\u00e8tica cont\u00ednua<\/h2>\n\t\t\t\t\t\t\t\t\t\t\n\t\t\t\t\t\t\t\t\t\t\n\t\t\t\t\t<a href=\"https:\/\/www.vbisogno.com\/ca\/blog\/cocinas-sin-azulejos-con-estetica-continua\/\" class=\"vbisogno-blog-posts__link\">\n\t\t\t\t\t\tVeure m\u00e9s\t\t\t\t\t<\/a>\n\t\t\t\t<\/div>\n\t\t\t\t\n\t\t\t\t\t\t\t\t<div class=\"vbisogno-blog-posts__image-wrapper\">\n\t\t\t\t\t<img loading=\"lazy\" decoding=\"async\" width=\"1024\" height=\"605\" src=\"https:\/\/www.vbisogno.com\/wp-content\/uploads\/2026\/04\/u2298755331_luxury_contemporary_kitchen_without_tiles_warm_ne_49c29e9b-9875-4b3e-b250-99867dc4756e_0-1024x605.jpg\" class=\"vbisogno-blog-posts__image\" alt=\"cocinas sin azulejos\" \/>\t\t\t\t<\/div>\n\t\t\t\t\t\t\t<\/div>\n\t\t<\/div>\n\t\t\n\t\t\t\t\n\t\t<div class=\"vbisogno-blog-posts__item vbisogno-blog-posts__item--image-left\">\n\t\t\t<div class=\"vbisogno-blog-posts__content\">\n\t\t\t\t<div class=\"vbisogno-blog-posts__text\">\n\t\t\t\t\t\t\t\t\t\t<h2 class=\"vbisogno-blog-posts__title\">Tend\u00e8ncies cortines 2026: disseny i funcionalitat<\/h2>\n\t\t\t\t\t\t\t\t\t\t\n\t\t\t\t\t\t\t\t\t\t\n\t\t\t\t\t<a href=\"https:\/\/www.vbisogno.com\/ca\/blog\/tendencias-cortinas-2026-diseno-funcionalidad\/\" class=\"vbisogno-blog-posts__link\">\n\t\t\t\t\t\tVeure m\u00e9s\t\t\t\t\t<\/a>\n\t\t\t\t<\/div>\n\t\t\t\t\n\t\t\t\t\t\t\t\t<div class=\"vbisogno-blog-posts__image-wrapper\">\n\t\t\t\t\t<img loading=\"lazy\" decoding=\"async\" width=\"1135\" height=\"605\" src=\"https:\/\/www.vbisogno.com\/wp-content\/uploads\/2026\/04\/u2298755331_modern_interior_design_living_room_2026_elegant_c_49c18f05-5d84-401d-9f42-e7d149e98470_1-1135x605.jpg\" class=\"vbisogno-blog-posts__image\" alt=\"tendencias cortinas 2026\" \/>\t\t\t\t<\/div>\n\t\t\t\t\t\t\t<\/div>\n\t\t<\/div>\n\t\t\n\t\t\t\t\n\t\t<div class=\"vbisogno-blog-posts__item vbisogno-blog-posts__item--image-right\">\n\t\t\t<div class=\"vbisogno-blog-posts__content\">\n\t\t\t\t<div class=\"vbisogno-blog-posts__text\">\n\t\t\t\t\t\t\t\t\t\t<h2 class=\"vbisogno-blog-posts__title\">El tipus de llum ideal per a cada espai de la llar<\/h2>\n\t\t\t\t\t\t\t\t\t\t\n\t\t\t\t\t\t\t\t\t\t\n\t\t\t\t\t<a href=\"https:\/\/www.vbisogno.com\/ca\/blog\/tipo-de-luz-ideal-para-cada-espacio-del-hogar\/\" class=\"vbisogno-blog-posts__link\">\n\t\t\t\t\t\tVeure m\u00e9s\t\t\t\t\t<\/a>\n\t\t\t\t<\/div>\n\t\t\t\t\n\t\t\t\t\t\t\t\t<div class=\"vbisogno-blog-posts__image-wrapper\">\n\t\t\t\t\t<img loading=\"lazy\" decoding=\"async\" width=\"1135\" height=\"605\" src=\"https:\/\/www.vbisogno.com\/wp-content\/uploads\/2026\/03\/u2298755331_modern_interior_space_divided_by_lighting_atmosph_9e99716c-e83c-46d9-b696-d9cb0c73638f_2-1135x605.jpg\" class=\"vbisogno-blog-posts__image\" alt=\"tipo de luz\" \/>\t\t\t\t<\/div>\n\t\t\t\t\t\t\t<\/div>\n\t\t<\/div>\n\t\t\n\t\t\t\t\n\t\t<div class=\"vbisogno-blog-posts__item vbisogno-blog-posts__item--image-left\">\n\t\t\t<div class=\"vbisogno-blog-posts__content\">\n\t\t\t\t<div class=\"vbisogno-blog-posts__text\">\n\t\t\t\t\t\t\t\t\t\t<h2 class=\"vbisogno-blog-posts__title\">Patis petits amb encant: idees per inspirar-te<\/h2>\n\t\t\t\t\t\t\t\t\t\t\n\t\t\t\t\t\t\t\t\t\t\n\t\t\t\t\t<a href=\"https:\/\/www.vbisogno.com\/ca\/blog\/patios-pequenos-con-encanto-ideas-para-inspirarte\/\" class=\"vbisogno-blog-posts__link\">\n\t\t\t\t\t\tVeure m\u00e9s\t\t\t\t\t<\/a>\n\t\t\t\t<\/div>\n\t\t\t\t\n\t\t\t\t\t\t\t\t<div class=\"vbisogno-blog-posts__image-wrapper\">\n\t\t\t\t\t<img loading=\"lazy\" decoding=\"async\" width=\"1135\" height=\"605\" src=\"https:\/\/www.vbisogno.com\/wp-content\/uploads\/2026\/03\/u2298755331_small_charming_mediterranean_courtyard_elegant_ar_16d9948c-9930-4a98-a3f2-6b230d27e9cd_0-1135x605.jpg\" class=\"vbisogno-blog-posts__image\" alt=\"patios peque\u00f1os con encanto\" \/>\t\t\t\t<\/div>\n\t\t\t\t\t\t\t<\/div>\n\t\t<\/div>\n\t\t\n\t\t\t\t\n\t\t<div class=\"vbisogno-blog-posts__item vbisogno-blog-posts__item--image-right\">\n\t\t\t<div class=\"vbisogno-blog-posts__content\">\n\t\t\t\t<div class=\"vbisogno-blog-posts__text\">\n\t\t\t\t\t\t\t\t\t\t<h2 class=\"vbisogno-blog-posts__title\">Com decorar un sal\u00f3 rectangular amb dos ambients?<\/h2>\n\t\t\t\t\t\t\t\t\t\t\n\t\t\t\t\t\t\t\t\t\t\n\t\t\t\t\t<a href=\"https:\/\/www.vbisogno.com\/ca\/blog\/decorar-salon-rectangular-dos-ambientes\/\" class=\"vbisogno-blog-posts__link\">\n\t\t\t\t\t\tVeure m\u00e9s\t\t\t\t\t<\/a>\n\t\t\t\t<\/div>\n\t\t\t\t\n\t\t\t\t\t\t\t\t<div class=\"vbisogno-blog-posts__image-wrapper\">\n\t\t\t\t\t<img loading=\"lazy\" decoding=\"async\" width=\"1135\" height=\"605\" src=\"https:\/\/www.vbisogno.com\/wp-content\/uploads\/2026\/03\/u2298755331_minimalist_rectangular_living_room_with_two_funct_9a6cd083-c069-426d-9759-ef383a955fde_0-1135x605.jpg\" class=\"vbisogno-blog-posts__image\" alt=\"sal\u00f3n rectangular dos ambientes\" \/>\t\t\t\t<\/div>\n\t\t\t\t\t\t\t<\/div>\n\t\t<\/div>\n\t\t\n\t\t\t\t\n\t\t<div class=\"vbisogno-blog-posts__item vbisogno-blog-posts__item--image-left\">\n\t\t\t<div class=\"vbisogno-blog-posts__content\">\n\t\t\t\t<div class=\"vbisogno-blog-posts__text\">\n\t\t\t\t\t\t\t\t\t\t<h2 class=\"vbisogno-blog-posts__title\">20 plantes d\u2019interior resistents per transformar la teva llar<\/h2>\n\t\t\t\t\t\t\t\t\t\t\n\t\t\t\t\t\t\t\t\t\t\n\t\t\t\t\t<a href=\"https:\/\/www.vbisogno.com\/ca\/blog\/20-plantas-de-interior-resistentes-para-tu-hogar\/\" class=\"vbisogno-blog-posts__link\">\n\t\t\t\t\t\tVeure m\u00e9s\t\t\t\t\t<\/a>\n\t\t\t\t<\/div>\n\t\t\t\t\n\t\t\t\t\t\t\t\t<div class=\"vbisogno-blog-posts__image-wrapper\">\n\t\t\t\t\t<img loading=\"lazy\" decoding=\"async\" width=\"1135\" height=\"605\" src=\"https:\/\/www.vbisogno.com\/wp-content\/uploads\/2026\/03\/u2298755331_Bright_modern_Mediterranean_living_room_filled_wi_6b13ae16-9eaf-41ad-82e4-8d375089d4bf_1-1135x605.jpg\" class=\"vbisogno-blog-posts__image\" alt=\"20 plantas de interior resistentes\" \/>\t\t\t\t<\/div>\n\t\t\t\t\t\t\t<\/div>\n\t\t<\/div>\n\t\t\n\t\t\t\t\n\t\t<div class=\"vbisogno-blog-posts__item vbisogno-blog-posts__item--image-right\">\n\t\t\t<div class=\"vbisogno-blog-posts__content\">\n\t\t\t\t<div class=\"vbisogno-blog-posts__text\">\n\t\t\t\t\t\t\t\t\t\t<h2 class=\"vbisogno-blog-posts__title\">Oficines modernes des del disseny d\u2019interiors<\/h2>\n\t\t\t\t\t\t\t\t\t\t\n\t\t\t\t\t\t\t\t\t\t\n\t\t\t\t\t<a href=\"https:\/\/www.vbisogno.com\/ca\/blog\/oficinas-modernas-desde-el-diseno-de-interiores\/\" class=\"vbisogno-blog-posts__link\">\n\t\t\t\t\t\tVeure m\u00e9s\t\t\t\t\t<\/a>\n\t\t\t\t<\/div>\n\t\t\t\t\n\t\t\t\t\t\t\t\t<div class=\"vbisogno-blog-posts__image-wrapper\">\n\t\t\t\t\t<img loading=\"lazy\" decoding=\"async\" width=\"1135\" height=\"605\" src=\"https:\/\/www.vbisogno.com\/wp-content\/uploads\/2026\/02\/u2298755331_Modern_office_interior_design_contemporary_worksp_16c7a5e2-9278-42db-9fbd-071a4ecba89e_0-1135x605.jpg\" class=\"vbisogno-blog-posts__image\" alt=\"dise\u00f1o de oficinas interiores\" \/>\t\t\t\t<\/div>\n\t\t\t\t\t\t\t<\/div>\n\t\t<\/div>\n\t\t\n\t\t\t\t\n\t\t<div class=\"vbisogno-blog-posts__item vbisogno-blog-posts__item--image-left\">\n\t\t\t<div class=\"vbisogno-blog-posts__content\">\n\t\t\t\t<div class=\"vbisogno-blog-posts__text\">\n\t\t\t\t\t\t\t\t\t\t<h2 class=\"vbisogno-blog-posts__title\">Decoraci\u00f3 industrial en interiors amb car\u00e0cter<\/h2>\n\t\t\t\t\t\t\t\t\t\t\n\t\t\t\t\t\t\t\t\t\t\n\t\t\t\t\t<a href=\"https:\/\/www.vbisogno.com\/ca\/blog\/decoracion-industrial-en-interiores-con-caracter\/\" class=\"vbisogno-blog-posts__link\">\n\t\t\t\t\t\tVeure m\u00e9s\t\t\t\t\t<\/a>\n\t\t\t\t<\/div>\n\t\t\t\t\n\t\t\t\t\t\t\t\t<div class=\"vbisogno-blog-posts__image-wrapper\">\n\t\t\t\t\t<img loading=\"lazy\" decoding=\"async\" width=\"1135\" height=\"605\" src=\"https:\/\/www.vbisogno.com\/wp-content\/uploads\/2026\/02\/u2298755331_Warm_industrial_interior_design_refined_industria_e794ad17-8ec0-474e-9495-d9f79e48f1b4_3-1135x605.jpg\" class=\"vbisogno-blog-posts__image\" alt=\"decoracion industrial\" \/>\t\t\t\t<\/div>\n\t\t\t\t\t\t\t<\/div>\n\t\t<\/div>\n\t\t\n\t\t\t\t\n\t\t<div class=\"vbisogno-blog-posts__item vbisogno-blog-posts__item--image-right\">\n\t\t\t<div class=\"vbisogno-blog-posts__content\">\n\t\t\t\t<div class=\"vbisogno-blog-posts__text\">\n\t\t\t\t\t\t\t\t\t\t<h2 class=\"vbisogno-blog-posts__title\">Salons de disseny modern: del minimalisme al vintage<\/h2>\n\t\t\t\t\t\t\t\t\t\t\n\t\t\t\t\t\t\t\t\t\t\n\t\t\t\t\t<a href=\"https:\/\/www.vbisogno.com\/ca\/blog\/salones-de-diseno-moderno\/\" class=\"vbisogno-blog-posts__link\">\n\t\t\t\t\t\tVeure m\u00e9s\t\t\t\t\t<\/a>\n\t\t\t\t<\/div>\n\t\t\t\t\n\t\t\t\t\t\t\t\t<div class=\"vbisogno-blog-posts__image-wrapper\">\n\t\t\t\t\t<img loading=\"lazy\" decoding=\"async\" width=\"1135\" height=\"605\" src=\"https:\/\/www.vbisogno.com\/wp-content\/uploads\/2026\/02\/u2298755331_modern_designer_living_room_contemporary_interior_bc97e728-471b-4cbd-9930-c36a8c6ea960_2-1135x605.jpg\" class=\"vbisogno-blog-posts__image\" alt=\"salones de dise\u00f1o moderno\" \/>\t\t\t\t<\/div>\n\t\t\t\t\t\t\t<\/div>\n\t\t<\/div>\n\t\t\n\t\t<\/div>\n\t","protected":false},"excerpt":{"rendered":"","protected":false},"author":1,"featured_media":0,"parent":0,"menu_order":0,"comment_status":"closed","ping_status":"closed","template":"","meta":{"_acf_changed":false,"_joinchat":[],"footnotes":""},"class_list":["post-11853","page","type-page","status-publish","hentry"],"acf":[],"yoast_head":"<!-- This site is optimized with the Yoast SEO plugin v27.2 - https:\/\/yoast.com\/product\/yoast-seo-wordpress\/ -->\n<title>Blog - VBISOGNO<\/title>\n<meta name=\"description\" content=\"Estudi d&#039;arquitectura i interiorisme que neix de la inquietud per aconseguir l&#039;equilibri entre la bellesa i la funcionalitat.\" \/>\n<meta name=\"robots\" content=\"index, follow, max-snippet:-1, max-image-preview:large, max-video-preview:-1\" \/>\n<link rel=\"canonical\" href=\"https:\/\/www.vbisogno.com\/ca\/blog\/\" \/>\n<meta property=\"og:locale\" content=\"ca_ES\" \/>\n<meta property=\"og:type\" content=\"article\" \/>\n<meta property=\"og:title\" content=\"Blog - VBISOGNO\" \/>\n<meta property=\"og:description\" content=\"Estudi d&#039;arquitectura i interiorisme que neix de la inquietud per aconseguir l&#039;equilibri entre la bellesa i la funcionalitat.\" \/>\n<meta property=\"og:url\" content=\"https:\/\/www.vbisogno.com\/ca\/blog\/\" \/>\n<meta property=\"og:site_name\" content=\"VBISOGNO\" \/>\n<meta property=\"article:publisher\" content=\"https:\/\/facebook.com\/vbisognostudio\" \/>\n<meta property=\"article:modified_time\" content=\"2026-01-20T06:39:04+00:00\" \/>\n<meta name=\"twitter:card\" content=\"summary_large_image\" \/>\n<meta name=\"twitter:label1\" content=\"Temps estimat de lectura\" \/>\n\t<meta name=\"twitter:data1\" content=\"1 minut\" \/>\n<!-- \/ Yoast SEO plugin. -->","yoast_head_json":{"title":"Blog - VBISOGNO","description":"Estudi d'arquitectura i interiorisme que neix de la inquietud per aconseguir l'equilibri entre la bellesa i la funcionalitat.","robots":{"index":"index","follow":"follow","max-snippet":"max-snippet:-1","max-image-preview":"max-image-preview:large","max-video-preview":"max-video-preview:-1"},"canonical":"https:\/\/www.vbisogno.com\/ca\/blog\/","og_locale":"ca_ES","og_type":"article","og_title":"Blog - VBISOGNO","og_description":"Estudi d'arquitectura i interiorisme que neix de la inquietud per aconseguir l'equilibri entre la bellesa i la funcionalitat.","og_url":"https:\/\/www.vbisogno.com\/ca\/blog\/","og_site_name":"VBISOGNO","article_publisher":"https:\/\/facebook.com\/vbisognostudio","article_modified_time":"2026-01-20T06:39:04+00:00","twitter_card":"summary_large_image","twitter_misc":{"Temps estimat de lectura":"1 minut"},"schema":{"@context":"https:\/\/schema.org","@graph":[{"@type":["WebPage","ItemPage"],"@id":"https:\/\/www.vbisogno.com\/ca\/blog\/","url":"https:\/\/www.vbisogno.com\/ca\/blog\/","name":"Blog - VBISOGNO","isPartOf":{"@id":"https:\/\/www.vbisogno.com\/ca\/#website"},"datePublished":"2025-10-07T02:13:44+00:00","dateModified":"2026-01-20T06:39:04+00:00","description":"Estudi d'arquitectura i interiorisme que neix de la inquietud per aconseguir l'equilibri entre la bellesa i la funcionalitat.","breadcrumb":{"@id":"https:\/\/www.vbisogno.com\/ca\/blog\/#breadcrumb"},"inLanguage":"ca","potentialAction":[{"@type":"ReadAction","target":["https:\/\/www.vbisogno.com\/ca\/blog\/"]}]},{"@type":"BreadcrumbList","@id":"https:\/\/www.vbisogno.com\/ca\/blog\/#breadcrumb","itemListElement":[{"@type":"ListItem","position":1,"name":"Home","item":"https:\/\/www.vbisogno.com\/ca\/"},{"@type":"ListItem","position":2,"name":"Blog"}]},{"@type":"WebSite","@id":"https:\/\/www.vbisogno.com\/ca\/#website","url":"https:\/\/www.vbisogno.com\/ca\/","name":"Vbisogno","description":"","publisher":{"@id":"https:\/\/www.vbisogno.com\/ca\/#organization"},"alternateName":"Vbisogno","potentialAction":[{"@type":"SearchAction","target":{"@type":"EntryPoint","urlTemplate":"https:\/\/www.vbisogno.com\/ca\/?s={search_term_string}"},"query-input":{"@type":"PropertyValueSpecification","valueRequired":true,"valueName":"search_term_string"}}],"inLanguage":"ca"},{"@type":"Organization","@id":"https:\/\/www.vbisogno.com\/ca\/#organization","name":"Vbisogno","alternateName":"Vbisogno","url":"https:\/\/www.vbisogno.com\/ca\/","logo":{"@type":"ImageObject","inLanguage":"ca","@id":"https:\/\/www.vbisogno.com\/ca\/#\/schema\/logo\/image\/","url":"https:\/\/www.vbisogno.com\/wp-content\/uploads\/2023\/11\/vbisogno-horizontal.svg","contentUrl":"https:\/\/www.vbisogno.com\/wp-content\/uploads\/2023\/11\/vbisogno-horizontal.svg","width":176,"height":47,"caption":"Vbisogno"},"image":{"@id":"https:\/\/www.vbisogno.com\/ca\/#\/schema\/logo\/image\/"},"sameAs":["https:\/\/facebook.com\/vbisognostudio","http:\/\/instagram.com\/vbisognostudio"]}]}},"_links":{"self":[{"href":"https:\/\/www.vbisogno.com\/ca\/wp-json\/wp\/v2\/pages\/11853","targetHints":{"allow":["GET"]}}],"collection":[{"href":"https:\/\/www.vbisogno.com\/ca\/wp-json\/wp\/v2\/pages"}],"about":[{"href":"https:\/\/www.vbisogno.com\/ca\/wp-json\/wp\/v2\/types\/page"}],"author":[{"embeddable":true,"href":"https:\/\/www.vbisogno.com\/ca\/wp-json\/wp\/v2\/users\/1"}],"replies":[{"embeddable":true,"href":"https:\/\/www.vbisogno.com\/ca\/wp-json\/wp\/v2\/comments?post=11853"}],"version-history":[{"count":5,"href":"https:\/\/www.vbisogno.com\/ca\/wp-json\/wp\/v2\/pages\/11853\/revisions"}],"predecessor-version":[{"id":12348,"href":"https:\/\/www.vbisogno.com\/ca\/wp-json\/wp\/v2\/pages\/11853\/revisions\/12348"}],"wp:attachment":[{"href":"https:\/\/www.vbisogno.com\/ca\/wp-json\/wp\/v2\/media?parent=11853"}],"curies":[{"name":"wp","href":"https:\/\/api.w.org\/{rel}","templated":true}]}}